{"id":76,"date":"2018-07-31T20:44:37","date_gmt":"2018-07-31T20:44:37","guid":{"rendered":"http:\/\/times.ces.uc.pt\/?page_id=76"},"modified":"2018-11-25T20:03:39","modified_gmt":"2018-11-25T20:03:39","slug":"recursos","status":"publish","type":"page","link":"https:\/\/times.ces.uc.pt\/?page_id=76","title":{"rendered":"Recursos"},"content":{"rendered":"<p>Nesta sec\u00e7\u00e3o encontrar\u00e1 uma sele\u00e7\u00e3o de recursos diversos, externos ao projeto, com relev\u00e2ncia para o estudo das empresas sociais em Portugal quer sobre empresas sociais quer sobre conceitos conexos como economia social, economia solid\u00e1ria, terceiro sector, empreendedorismo social, inova\u00e7\u00e3o social, etc.<\/p>\n<p>Navegue no menu para encontrar legisla\u00e7\u00e3o, estat\u00edsticas e bases de dados, projetos de investiga\u00e7\u00e3o e refer\u00eancias bibliogr\u00e1ficas<\/p>\n<p>&nbsp;<\/p>\n<p><strong>LIGA\u00c7\u00d5ES<\/strong><\/p>\n<p><strong>Cooperativa Ant\u00f3nio S\u00e9rgio para a Economia Social (CASES)<\/strong><\/p>\n<p>Cooperativa de interesse p\u00fablico que assenta numa parceria entre Estado e as organiza\u00e7\u00f5es representativas do setor da economia social e que tem como objetivo a promo\u00e7\u00e3o do setor da economia social, aprofundando a coopera\u00e7\u00e3o entre o Estado e as organiza\u00e7\u00f5es que o integram.<\/p>\n<p><a href=\"https:\/\/www.cases.pt\/\">https:\/\/www.cases.pt\/<\/a><\/p>\n<p>&nbsp;<\/p>\n<p><strong>International Comparative Social Enterprise Models (ICSEM)<\/strong><\/p>\n<p>O projeto International Comparative Social Enterprise Models \u2013 ICSEM, visa comparar os modelos de empresas sociais e seus respetivos processos de institucionaliza\u00e7\u00e3o em todo o mundo. Por isso, conta com a participa\u00e7\u00e3o de um grande n\u00famero de pesquisadores de todas as regi\u00f5es que contribuem fornecendo an\u00e1lises espec\u00edficas de cada pa\u00eds ou de um campo espec\u00edfico de modelos de empresas social.<\/p>\n<p><a href=\"https:\/\/www.iap-socent.be\/icsem-project\">https:\/\/www.iap-socent.be\/icsem-project<\/a><\/p>\n<p>&nbsp;<\/p>\n<p><strong>Rede EMES \u2013 International Research Network<\/strong><\/p>\n<p>A Rede EMES \u2013 International Research Network \u00e9 uma rede de investiga\u00e7\u00e3o de centros de pesquisa universit\u00e1ria e pesquisadores individuais sobre empreendimentos sociais. Juntos, pretendem construir um corpo de conhecimento em torno dos seguintes conceitos de SE: Empreendedorismo Social, Economia Social, Economia Solid\u00e1ria, Empreendedorismo Social.<\/p>\n<p><a href=\"https:\/\/emes.net\/\">https:\/\/emes.net\/<\/a><\/p>\n<p>&nbsp;<\/p>\n<p><strong>EMPOWER-SE &#8211; Empowering the Next Generation of Social Enterprise Scholars<\/strong><\/p>\n<p>A EMPOWER-SE \u2013 Empowering the Next Generation of Social Enterprise Scholars \u00e9 uma rede que liga a comunidade cient\u00edfica, os decisores pol\u00edticos e a sociedade em torno do conhecimento constru\u00eddo em conjunto em torno das empresas sociais.<\/p>\n<p><a href=\"http:\/\/www.empowerse.eu\/\">http:\/\/www.empowerse.eu\/<\/a><\/p>\n","protected":false},"excerpt":{"rendered":"<p>Nesta sec\u00e7\u00e3o encontrar\u00e1 uma sele\u00e7\u00e3o de recursos diversos, externos ao projeto, com relev\u00e2ncia para o estudo das empresas sociais em Portugal quer sobre empresas sociais quer sobre conceitos conexos como economia social, economia solid\u00e1ria, terceiro sector, empreendedorismo social, inova\u00e7\u00e3o social, etc. Navegue no menu para encontrar legisla\u00e7\u00e3o, estat\u00edsticas e bases de dados, projetos de investiga\u00e7\u00e3o [&hellip;]<\/p>\n","protected":false},"author":1,"featured_media":0,"parent":0,"menu_order":7,"comment_status":"closed","ping_status":"closed","template":"","meta":{"footnotes":""},"_links":{"self":[{"href":"https:\/\/times.ces.uc.pt\/index.php?rest_route=\/wp\/v2\/pages\/76"}],"collection":[{"href":"https:\/\/times.ces.uc.pt\/index.php?rest_route=\/wp\/v2\/pages"}],"about":[{"href":"https:\/\/times.ces.uc.pt\/index.php?rest_route=\/wp\/v2\/types\/page"}],"author":[{"embeddable":true,"href":"https:\/\/times.ces.uc.pt\/index.php?rest_route=\/wp\/v2\/users\/1"}],"replies":[{"embeddable":true,"href":"https:\/\/times.ces.uc.pt\/index.php?rest_route=%2Fwp%2Fv2%2Fcomments&post=76"}],"version-history":[{"count":10,"href":"https:\/\/times.ces.uc.pt\/index.php?rest_route=\/wp\/v2\/pages\/76\/revisions"}],"predecessor-version":[{"id":316,"href":"https:\/\/times.ces.uc.pt\/index.php?rest_route=\/wp\/v2\/pages\/76\/revisions\/316"}],"wp:attachment":[{"href":"https:\/\/times.ces.uc.pt\/index.php?rest_route=%2Fwp%2Fv2%2Fmedia&parent=76"}],"curies":[{"name":"wp","href":"https:\/\/api.w.org\/{rel}","templated":true}]}}