{"id":721,"date":"2021-12-08T10:36:06","date_gmt":"2021-12-08T10:36:06","guid":{"rendered":"http:\/\/times.ces.uc.pt\/?page_id=721"},"modified":"2021-12-30T09:33:07","modified_gmt":"2021-12-30T09:33:07","slug":"videos-2","status":"publish","type":"page","link":"https:\/\/times.ces.uc.pt\/?page_id=721","title":{"rendered":"V\u00eddeos"},"content":{"rendered":"<p>V\u00eddeos realizados a partir dos resultados do Projeto de investiga\u00e7\u00e3o TIMES \u2013 Trajet\u00f3rias Institucionais e Modelos de Empresa Social em Portugal.<\/p>\n<p><strong>\u00a0<\/strong><\/p>\n<p><strong>Os modelos de empresa social em Portugal<\/strong><\/p>\n<p><iframe loading=\"lazy\" width=\"560\" height=\"315\" src=\"https:\/\/www.youtube.com\/embed\/Ck3uqXqmh8w\" title=\"YouTube video player\" frameborder=\"0\" allow=\"accelerometer; autoplay; clipboard-write; encrypted-media; gyroscope; picture-in-picture\" allowfullscreen><\/iframe><\/p>\n<p>Neste primeiro v\u00eddeo \u00e9 explorada a trajet\u00f3ria hist\u00f3rica das empresas sociais em Portugal. S\u00e3o apresentados os modelos de empresas sociais identificados pelo TIMES, como as cooperativas sociais e mutualidades, as organiza\u00e7\u00f5es n\u00e3o lucrativas empreendedoras, as empresas de inser\u00e7\u00e3o pelo trabalho, as empresas da economia solid\u00e1ria e os neg\u00f3cios sociais. \u00c9 feita uma compara\u00e7\u00e3o entre os modelos de empresas sociais em Portugal e os modelos identificados pelo projeto ICSEM.<\/p>\n<p><strong>Palavras-chave: Empresas Sociais, Tipologia, Trajet\u00f3rias Institucionais. <\/strong><\/p>\n<p><strong>\u00a0<\/strong><\/p>\n<p><strong>O contributo das empresas sociais na resposta aos desafios sociais e societais<\/strong><\/p>\n<p><iframe loading=\"lazy\" width=\"560\" height=\"315\" src=\"https:\/\/www.youtube.com\/embed\/m8Smd3A_J3c\" title=\"YouTube video player\" frameborder=\"0\" allow=\"accelerometer; autoplay; clipboard-write; encrypted-media; gyroscope; picture-in-picture\" allowfullscreen><\/iframe><\/p>\n<p>Neste segundo v\u00eddeo \u00e9 discutido o contributo das empresas sociais na resposta a desafios sociais e societais no contexto portugu\u00eas, focando em quatro \u00e1reas: o emprego e empregabilidade, a inclus\u00e3o social, a arte e a cultura e o ambiente e sustentabilidade. S\u00e3o tamb\u00e9m abordados os quadros institucionais e estrat\u00e9gias favor\u00e1veis \u00e0 atua\u00e7\u00e3o das empresas sociais, numa perspetiva futura.<\/p>\n<p><strong>Palavras-chave: Empresas Sociais, Emprego, Arte e Cultura, Sustentabilidade, Inclus\u00e3o Social. <\/strong><\/p>\n<p><strong>\u00a0<\/strong><\/p>\n<p><strong>Estes v\u00eddeos foram realizados por Andreia Barbosa e financiados por <\/strong>FEDER \u2013 Fundo Europeu de Desenvolvimento Regional atrav\u00e9s do COMPETE 2020 \u2013 Programa Operacional Competitividade e Internacionaliza\u00e7\u00e3o (POCI) e por fundos portugueses atrav\u00e9s da FCT \u2013 Funda\u00e7\u00e3o para a Ci\u00eancia e a Tecnologia<\/p>\n","protected":false},"excerpt":{"rendered":"<p>V\u00eddeos realizados a partir dos resultados do Projeto de investiga\u00e7\u00e3o TIMES \u2013 Trajet\u00f3rias Institucionais e Modelos de Empresa Social em Portugal. \u00a0 Os modelos de empresa social em Portugal Neste primeiro v\u00eddeo \u00e9 explorada a trajet\u00f3ria hist\u00f3rica das empresas sociais em Portugal. S\u00e3o apresentados os modelos de empresas sociais identificados pelo TIMES, como as cooperativas [&hellip;]<\/p>\n","protected":false},"author":3,"featured_media":0,"parent":477,"menu_order":0,"comment_status":"closed","ping_status":"closed","template":"","meta":{"footnotes":""},"_links":{"self":[{"href":"https:\/\/times.ces.uc.pt\/index.php?rest_route=\/wp\/v2\/pages\/721"}],"collection":[{"href":"https:\/\/times.ces.uc.pt\/index.php?rest_route=\/wp\/v2\/pages"}],"about":[{"href":"https:\/\/times.ces.uc.pt\/index.php?rest_route=\/wp\/v2\/types\/page"}],"author":[{"embeddable":true,"href":"https:\/\/times.ces.uc.pt\/index.php?rest_route=\/wp\/v2\/users\/3"}],"replies":[{"embeddable":true,"href":"https:\/\/times.ces.uc.pt\/index.php?rest_route=%2Fwp%2Fv2%2Fcomments&post=721"}],"version-history":[{"count":4,"href":"https:\/\/times.ces.uc.pt\/index.php?rest_route=\/wp\/v2\/pages\/721\/revisions"}],"predecessor-version":[{"id":904,"href":"https:\/\/times.ces.uc.pt\/index.php?rest_route=\/wp\/v2\/pages\/721\/revisions\/904"}],"up":[{"embeddable":true,"href":"https:\/\/times.ces.uc.pt\/index.php?rest_route=\/wp\/v2\/pages\/477"}],"wp:attachment":[{"href":"https:\/\/times.ces.uc.pt\/index.php?rest_route=%2Fwp%2Fv2%2Fmedia&parent=721"}],"curies":[{"name":"wp","href":"https:\/\/api.w.org\/{rel}","templated":true}]}}