{"id":62,"date":"2018-07-31T20:26:11","date_gmt":"2018-07-31T20:26:11","guid":{"rendered":"http:\/\/times.ces.uc.pt\/?page_id=62"},"modified":"2018-11-25T19:57:25","modified_gmt":"2018-11-25T19:57:25","slug":"sobre-2","status":"publish","type":"page","link":"https:\/\/times.ces.uc.pt\/?page_id=62","title":{"rendered":"Sobre"},"content":{"rendered":"<p>As empresas sociais s\u00e3o uma realidade que se afirma na Europa, implicando inova\u00e7\u00f5es de formas organizativas da economia social e sectores atividades articulando as dimens\u00f5es econ\u00f3mica, social, cultural, ambiental, entre outras, orientando-se as suas miss\u00f5es para problemas de pobreza, desemprego, envelhecimento, sustentabilidade, etc.<\/p>\n<p>O conhecimento existente em Portugal \u00e9 limitado, apesar da relev\u00e2ncia internacional, cient\u00edfica e pol\u00edtica, das empresas sociais. Por\u00e9m, as discuss\u00f5es em torno do conceito s\u00e3o tamb\u00e9m indiciadoras das transforma\u00e7\u00f5es e das articula\u00e7\u00f5es complexas no campo da economia social e das rela\u00e7\u00f5es entre estas organiza\u00e7\u00f5es, o Estado, as empresas e o mercado.<\/p>\n<p>As principais quest\u00f5es de investiga\u00e7\u00e3o a que este projeto procura responder s\u00e3o as seguintes:<\/p>\n<ul>\n<li>1) Quais os significados, trajet\u00f3rias institucionais e caracter\u00edsticas das ES em Portugal?<\/li>\n<li>2) De que modo as ES refletem e contribuem para encontrar solu\u00e7\u00f5es para os desafios sociais e societais?<\/li>\n<li>3) Quais os quadros institucionais e estrat\u00e9gias que podem favorecer o desenvolvimento das ES?<\/li>\n<\/ul>\n<p><strong>Resultados<\/strong><\/p>\n<p>Com este projeto pretende-se:<\/p>\n<ul>\n<li>Contribuir para colmatar as lacunas de conhecimento sobre ES em Portugal<\/li>\n<li>Fortalecer o campo acad\u00e9mico da economia social<\/li>\n<li>Ajudar a enformar decis\u00f5es de respons\u00e1veis p\u00fablicos e empreendedores sociais.<\/li>\n<li>Articular internacionalmente o campo das empresas sociais em Portugal<\/li>\n<\/ul>\n<p><strong>Internacionaliza\u00e7\u00e3o<\/strong><\/p>\n<p>O TIMES articula-se em redes internacionais que trabalham em temas relacionados com empresas sociais, economia social, economia solid\u00e1ria ou outros afins. Tem particular afinidade com o projeto International Comparative Social Enterprise Models \u2013 ICSEM, coordenado por Jacques Defourny e Marthe Nyssens, no \u00e2mbito do SOCENT e da rede EMES-International Research Network, e com a COST Action EMPOWER-SE \u2013 Empowering the Next Generation of Social Enterprise Scholars, coordenado por Marthe Nyssens, no \u00e2mbito da rede EMES.<\/p>\n<p><strong>Objetivos<\/strong><\/p>\n<p>Este projeto pretende contribuir para o conhecimento do significado, perfil, contexto institucional e pap\u00e9is das ES em Portugal, de modo a ajudar a fortalecer o seu papel na resolu\u00e7\u00e3o de problemas sociais e societais. Para tal, ir\u00e1:<\/p>\n<ul>\n<li>Proceder ao mapeamento do quadro institucional e significados de empresa social em Portugal<\/li>\n<li>Desenhar uma tipologia de modelos de empresa social em Portugal<\/li>\n<li>Identificar o modo como os quadros institucionais existentes moldam o comportamento das empresas sociais e como estas moldam estes quadros institucionais<\/li>\n<li>Procurar compreender o papel das empresas sociais na resposta aos desafios sociais e societais<\/li>\n<\/ul>\n<p><strong>Metodologia<\/strong><\/p>\n<p>O projeto articula abordagens institucionalistas ao estudo de organiza\u00e7\u00f5es e pol\u00edticas p\u00fablicas para analisar a co-evolu\u00e7\u00e3o das ES e seu contexto institucional. Adota o conceito de empresa social da tradi\u00e7\u00e3o europeia, desenvolvido no \u00e2mbito da Rede Internacional de Pesquisa EMES: \u201corganiza\u00e7\u00f5es que combinam uma din\u00e2mica empreendedora para fornecer bens e\/ou servi\u00e7os, colocando primazia no(s) seu(s) objetivo(s) social(is).\u201d Esta defini\u00e7\u00e3o inclui tr\u00eas dimens\u00f5es: a) o projeto econ\u00f3mico; b) a orienta\u00e7\u00e3o social; c) governan\u00e7a.<\/p>\n<p>As escolhas conceptuais e metodol\u00f3gicas est\u00e3o em conson\u00e2ncia com o projeto\u00a0<em>International Comparative Social Enterprise Models<\/em>\u00a0(ICSEM), coordenado por Marthe Nyssens e Jacques Defourny, no \u00e2mbito do SOCENT e inserido na Rede EMES \u2013 International Research Network.<\/p>\n<p>Os m\u00e9todos incluem a recolha e an\u00e1lise documental de quadros legais e pol\u00edticas, e documenta\u00e7\u00e3o de organiza\u00e7\u00f5es federativas e outras, entrevistas semiestruturadas a atores relevantes, estudos de caso comparativos de ES t\u00edpicas de diferentes modelos e \u00e1reas de atividade e grupos focais com dirigentes de ES, para identificar a sua inser\u00e7\u00e3o institucional, as suas estrat\u00e9gias, e os seus desafios e oportunidades no dom\u00ednio das suas miss\u00f5es.<\/p>\n<p>A equipa do projeto \u00e9 multidisciplinar, abrangendo a sociologia, o direito, a economia e a gest\u00e3o. A equipa tem trabalhado sobre o terceiro setor, a economia social, o cooperativismo, a gest\u00e3o e a qualidade no terceiro setor, o\u00a0<em>welfare mix<\/em>, a inova\u00e7\u00e3o no empreendedorismo social, o direito cooperativo, as empresas sociais, e a inova\u00e7\u00e3o e o desenvolvimento territorial.<\/p>\n<p><strong>Financiamento<\/strong><\/p>\n<p>FEDER &#8211; Fundo Europeu de Desenvolvimento Regional atrav\u00e9s do COMPETE 2020 &#8211; Programa Operacional Competitividade e Internacionaliza\u00e7\u00e3o (POCI) e por fundos portugueses atrav\u00e9s da FCT &#8211; Funda\u00e7\u00e3o para a Ci\u00eancia e a Tecnologia<strong>\u00a0<\/strong><\/p>\n","protected":false},"excerpt":{"rendered":"<p>As empresas sociais s\u00e3o uma realidade que se afirma na Europa, implicando inova\u00e7\u00f5es de formas organizativas da economia social e sectores atividades articulando as dimens\u00f5es econ\u00f3mica, social, cultural, ambiental, entre outras, orientando-se as suas miss\u00f5es para problemas de pobreza, desemprego, envelhecimento, sustentabilidade, etc. O conhecimento existente em Portugal \u00e9 limitado, apesar da relev\u00e2ncia internacional, cient\u00edfica [&hellip;]<\/p>\n","protected":false},"author":1,"featured_media":0,"parent":0,"menu_order":2,"comment_status":"closed","ping_status":"closed","template":"","meta":{"footnotes":""},"_links":{"self":[{"href":"https:\/\/times.ces.uc.pt\/index.php?rest_route=\/wp\/v2\/pages\/62"}],"collection":[{"href":"https:\/\/times.ces.uc.pt\/index.php?rest_route=\/wp\/v2\/pages"}],"about":[{"href":"https:\/\/times.ces.uc.pt\/index.php?rest_route=\/wp\/v2\/types\/page"}],"author":[{"embeddable":true,"href":"https:\/\/times.ces.uc.pt\/index.php?rest_route=\/wp\/v2\/users\/1"}],"replies":[{"embeddable":true,"href":"https:\/\/times.ces.uc.pt\/index.php?rest_route=%2Fwp%2Fv2%2Fcomments&post=62"}],"version-history":[{"count":8,"href":"https:\/\/times.ces.uc.pt\/index.php?rest_route=\/wp\/v2\/pages\/62\/revisions"}],"predecessor-version":[{"id":255,"href":"https:\/\/times.ces.uc.pt\/index.php?rest_route=\/wp\/v2\/pages\/62\/revisions\/255"}],"wp:attachment":[{"href":"https:\/\/times.ces.uc.pt\/index.php?rest_route=%2Fwp%2Fv2%2Fmedia&parent=62"}],"curies":[{"name":"wp","href":"https:\/\/api.w.org\/{rel}","templated":true}]}}