{"id":485,"date":"2018-11-16T09:31:58","date_gmt":"2018-11-16T09:31:58","guid":{"rendered":"http:\/\/times.ces.uc.pt\/?page_id=485"},"modified":"2022-01-03T13:01:06","modified_gmt":"2022-01-03T13:01:06","slug":"outputs","status":"publish","type":"page","link":"https:\/\/times.ces.uc.pt\/?page_id=485","title":{"rendered":"Outputs"},"content":{"rendered":"<h4><strong>Publications<\/strong><\/h4>\n<p>Ferreira, S. (2018) &#8220;Empresas sociais e economia solid\u00e1ria: fronteiras e oportunidades&#8221;, Jornal Vez e Voz, ANIMAR.<\/p>\n<p>Ferreira, S., Almeida, J. (2021). \u201cSocial Enterprises in Portugal: Concepts, contexts and models\u201d in <em>Social Enterprise in western Europe<\/em>, Routledge.<\/p>\n<p>Petrella, F., Richez-Battesti, N., Sol\u00f3rzano-Garc\u00eda, M., Ferreira, S. (2021). \u201cSocial enterprises in France, Portugal and Spain: between path dependence and institutional creation?\u201d in <em>Social Enterprise in western Europe<\/em>, Routledge.<\/p>\n<p>Ferreira, S. (2021) \u201cA Variedade das Empresas Sociais em Portugal: das Trajet\u00f3rias Institucionais \u00e0s Caracter\u00edsticas Organizacionais\u201d, Revista Economia Social, 12 (Abril), CASES \u2013 Cooperativa Ant\u00f3nio S\u00e9rgio para a Economia Social (<a href=\"http:\/\/www.revista-es.info\/ferreira_12.html\">ler aqui<\/a>)<\/p>\n<p>Ferreira, S. (2021) \u201cAs empresas sociais em Portugal: aspetos organizacionais e institucionais<strong>\u201d<\/strong>, Revista Focus Social \u2013 Revista de Economia Social, n. 21 (Junho), Porto: EAPN Portugal\/Rede Europeia Anti-Pobreza.<\/p>\n<p>Pinto, H., Ferreira, S., &amp; Guerreiro, J. A. (2021). The emergence of a Social Innovation Ecosystem in Portugal: An exploratory approach based on the perspective of strategic stakeholders. <i>European Public &amp; Social Innovation Review<\/i>, <i>6<\/i>(2), 15-34. Retrieved from <a href=\"https:\/\/pub.sinnergiak.org\/esir\/article\/view\/154\">https:\/\/pub.sinnergiak.org\/esir\/article\/view\/154<\/a><\/p>\n<h4>Videos<\/h4>\n<p>Dissemination Videos: <a href=\"https:\/\/times.ces.uc.pt\/?page_id=726\">see here<\/a><\/p>\n<h4><strong>Events<br \/>\n<\/strong><\/h4>\n<p><iframe loading=\"lazy\" src=\"https:\/\/www.google.com\/maps\/d\/embed?mid=17wkOH9HO0_JVEHaGVFvlusf_Yl-HtMCI\" width=\"640\" height=\"480\"><\/iframe><\/p>\n<h5>Organisation of meetings and conferences<\/h5>\n<p>1. Co-organisation of TIMES\/Centro de Estudos Cooperativos e da Economia Social do workshop &#8220;Empresas sociais: conceitos, contextos e investiga\u00e7\u00e3o&#8221;, FEUC, Coimbra, 04 a 04 de Outubro de 2018. (https:\/\/times.ces.uc.pt\/?p=338)<\/p>\n<p>2. Organisation of International Coloquium \u201cWhat are social enterprises and how are they contributing to tackle social and societal challenges?\u201d, online 27-29 April 2021 (https:\/\/times.ces.uc.pt\/?p=831)<\/p>\n<h5><strong>Communications in international scientific meetings<\/strong><\/h5>\n<p>1. Silvia Ferreira &amp; Joana Almeida, \u201cSocial Enterprises in Portugal: Concepts, contexts and models\u201d, 2nd WG1 Meeting &#8220;Towards an international typology of social enterprise models: Progress, perspectives and common trends\u201d, Budapest, Hungary, 16-17\/01\/2019.<br \/>\nhttp:\/\/www.empowerse.eu\/events\/2nd-wg1-foundations-meeting\/<\/p>\n<p>2. Silvia Ferreira, \u201cSocial enterprise contested boundaries in Portugal\u201d, 7th EMES International Research Conference on Social Enterprise, org. EMES, FSI and CRESR, Sheffield Hallam University, 24- 27\/07\/2019. https:\/\/emes.net\/events\/conferences\/7th-emes-international-research-conferenceon-social-enterprise\/<\/p>\n<p>3. Patr\u00edcia Moura e S\u00e1 &amp; Joana Almeida, \u201cTrajectories and characteristics of social enterprise models in Portugal\u201d, 7th EMES International Research Conference on Social Enterprise, org. EMES, FSI and CRESR, Sheffield Hallam University, 24-27\/07\/2019. https:\/\/emes.net\/events\/conferences\/7themes-international-research-conference-on-social-enterprise\/<\/p>\n<p>4. Hugo Pinto &amp; Luara Maranh\u00e3o, \u201cThe social enterprise ecosystem in Portugal\u201d, 7th EMES International Research Conference on Social Enterprise, org. EMES, FSI and CRESR, Sheffield Hallam University, 24-27\/07\/2019. https:\/\/emes.net\/events\/conferences\/7th-emes-international-researchconference- on-social-enterprise\/<\/p>\n<p>5. S\u00edlvia Ferreira, \u201cThe legal recognition of social enterprises in Portugal\u201d, Meeting \u201cTowards an enabling ecosystem for social enterprises\u201d, University of Bucharest, 12-13\/02\/2020. http:\/\/www.empowerse.eu\/wp-content\/uploads\/2019\/11\/1WG3_Ecosystems_PrelProgram_v4.pdf<\/p>\n<p>6. S\u00edlvia Ferreira, Case study presentation \u201cThe DansasAparte Movement, of CERCIMA\u201d, 3rd WG2 Research Workshop on \u201cUnlocking the transformative potential of culture and the arts through SE\u201d, University of Malta, 4-5\/11\/2020. http:\/\/www.empowerse.eu\/events\/3rd-wg-2-research-workshopon-unlocking-the-transformative-potential-of-culture-and-the-arts\/<\/p>\n<p>7. S\u00edlvia Ferreira, \u201cPortuguese social enterprises institutional trajectories in tackling social and societal challenges\u201d, Virtual Conference of International Society for Third Sector Research, 12- 15\/07\/2021. https:\/\/www.istr.org\/page\/Virtual_2021<\/p>\n<p>8. S\u00edlvia Ferreira &amp; Hugo Pinto, \u201cO ecossistema das empresas sociais em Portugal: fatores facilitadores e constrangedores do desenvolvimento de diferentes modelos de empresa social\u201d, do XIV Luso-Afro- Brasilian Congresso of Social Sciences, Online, 15-17\/09\/2021.https:\/\/ailpcsh.org\/conlab2020#26528<\/p>\n<p>9. S\u00edlvia Ferreira, &#8220;Social enterprises\u2019 social innovation in Portugal: a strategic relational approach to\u00a0 tackling social and societal challenges&#8221;, 8th EMES International Research Conference on Social Enterprise\u201c, org. EMES, COST e University of Zaragoza, Teruel, 4-8\/10\/2021. https:\/\/emes.net\/events\/conferences\/8th-emes-international-research-conference-on-socialenterprise\/<\/p>\n<p>10. Pedro Fidalgo (2021) &#8220;Arts and Culture social enterprises tackling social and societal challenges in Portugal&#8221;, 8th EMES International Research Conference on Social Enterprise, org. EMES, COST e University of Zaragoza, Teruel, 4-8\/10\/2021. https:\/\/emes.net\/events\/conferences\/8th-emesinternational-research-conference-on-social-enterprise\/<\/p>\n<h5>Communications in national scientific meetings<\/h5>\n<p>1. Silvia Ferreira &amp; Joana Almeida, \u201cEmpresas sociais: uma reflex\u00e3o conceptual e contextual da realidade portuguesa\u201d 2\u00ba Encontro Anual de Economia Pol\u00edtica: democracia, desenvolvimento, desigualdade, FEUC, 31\/01-2\/02\/2019. https:\/\/apeconomiapolitica.wixsite.com\/inicio\/singlepost\/ 2018\/05\/29\/2%C2%BAEncontro-Anual-de-Economia-Pol%C3%ADtica-democraciadesenvolvimento-<br \/>\ndesigualdade<\/p>\n<p>2. S\u00edlvia Ferreira, \u201cFronteiras e sentidos contestados das empresas sociais no contexto das transforma\u00e7\u00f5es do Estado de bem-estar e do Welfare mix em Portugal\u201d, Conference of ESPANET Portugal, FLUP, 13-14\/09\/2019. https:\/\/espanet-2019.eventqualia.net\/pt\/2019\/inicio\/<\/p>\n<p>3. S\u00edlvia Ferreira; Michaela Giovannini &amp; Pedro Fidalgo, &#8220;O que s\u00e3o empresas sociais em Portugal? Abordagem multidimensional das organiza\u00e7\u00f5es nas suas trajet\u00f3rias e contextos institucionais&#8221;, XI Congresso Portugu\u00eas de Sociologia, Org. ESPP\/ISCTE-IUL e ICS-ULisboa, 29-31\/03\/2021. https:\/\/aps.pt\/pt\/xi-congresso-portugues-de-sociologia\/<\/p>\n<h5><strong>Participation in practitioners meetings<\/strong><\/h5>\n<p>2018 &#8211; Talk &#8220;Empresas Sociais e Economia Social Coopera\u00e7\u00e3o vs Competi\u00e7\u00e3o?&#8221;, at XII MANIFESTA, Org. ANIMAR, Penacova, 19-21 october.<\/p>\n<p>2021 &#8211; Participation in workshop &#8220;Organiza\u00e7\u00f5es e empresas sociais: afinal o que somos?&#8221;, in the context of the Conferences on Social Economy of the European Capital of Social Economy, Cascais. Org. CASES, Portuguese Presidency of EU, Municipality of Cascais, Cascais Social Network and Faculty of Economics of University of Coimbra. <a href=\"https:\/\/times.ces.uc.pt\/?p=815\">https:\/\/times.ces.uc.pt\/?p=815<\/a><\/p>\n","protected":false},"excerpt":{"rendered":"<p>Publications Ferreira, S. (2018) &#8220;Empresas sociais e economia solid\u00e1ria: fronteiras e oportunidades&#8221;, Jornal Vez e Voz, ANIMAR. Ferreira, S., Almeida, J. (2021). \u201cSocial Enterprises in Portugal: Concepts, contexts and models\u201d in Social Enterprise in western Europe, Routledge. Petrella, F., Richez-Battesti, N., Sol\u00f3rzano-Garc\u00eda, M., Ferreira, S. (2021). \u201cSocial enterprises in France, Portugal and Spain: between path [&hellip;]<\/p>\n","protected":false},"author":3,"featured_media":0,"parent":0,"menu_order":6,"comment_status":"closed","ping_status":"closed","template":"","meta":{"footnotes":""},"_links":{"self":[{"href":"https:\/\/times.ces.uc.pt\/index.php?rest_route=\/wp\/v2\/pages\/485"}],"collection":[{"href":"https:\/\/times.ces.uc.pt\/index.php?rest_route=\/wp\/v2\/pages"}],"about":[{"href":"https:\/\/times.ces.uc.pt\/index.php?rest_route=\/wp\/v2\/types\/page"}],"author":[{"embeddable":true,"href":"https:\/\/times.ces.uc.pt\/index.php?rest_route=\/wp\/v2\/users\/3"}],"replies":[{"embeddable":true,"href":"https:\/\/times.ces.uc.pt\/index.php?rest_route=%2Fwp%2Fv2%2Fcomments&post=485"}],"version-history":[{"count":10,"href":"https:\/\/times.ces.uc.pt\/index.php?rest_route=\/wp\/v2\/pages\/485\/revisions"}],"predecessor-version":[{"id":919,"href":"https:\/\/times.ces.uc.pt\/index.php?rest_route=\/wp\/v2\/pages\/485\/revisions\/919"}],"wp:attachment":[{"href":"https:\/\/times.ces.uc.pt\/index.php?rest_route=%2Fwp%2Fv2%2Fmedia&parent=485"}],"curies":[{"name":"wp","href":"https:\/\/api.w.org\/{rel}","templated":true}]}}