{"id":477,"date":"2018-11-16T09:31:58","date_gmt":"2018-11-16T09:31:58","guid":{"rendered":"http:\/\/times.ces.uc.pt\/?page_id=477"},"modified":"2022-12-29T15:59:20","modified_gmt":"2022-12-29T15:59:20","slug":"resultados-3","status":"publish","type":"page","link":"https:\/\/times.ces.uc.pt\/?page_id=477","title":{"rendered":"Resultados"},"content":{"rendered":"<h4><strong>Publica\u00e7\u00f5es<\/strong><\/h4>\n<p>Ferreira, S. (2018) &#8220;Empresas sociais e economia solid\u00e1ria: fronteiras e oportunidades&#8221;, Jornal Vez e Voz, ANIMAR (<a href=\"https:\/\/www.animar-dl.pt\/site\/assets\/files\/4187\/vez_e_voz_2018_impressao.pdf\">ler aqui<\/a>).<\/p>\n<p>Ferreira, S., Almeida, J. (2021). \u201cSocial Enterprises in Portugal: Concepts, contexts and models\u201d in <em>Social Enterprise in western Europe<\/em>, Routledge (<a href=\"https:\/\/www.taylorfrancis.com\/chapters\/oa-edit\/10.4324\/9780429055140-11-13\/social-enterprise-portugal-s%C3%ADlvia-ferreira-joana-almeida?context=ubx&amp;refId=54c2b313-9bf9-4483-8e7c-cee67ce344b8\">ler aqui<\/a>)<\/p>\n<p>Petrella, F., Richez-Battesti, N., Sol\u00f3rzano-Garc\u00eda, M., Ferreira, S. (2021). \u201cSocial enterprises in France, Portugal and Spain: between path dependence and institutional creation?\u201d in <em>Social Enterprise in western Europe<\/em>, Routledge (<a href=\"https:\/\/www.taylorfrancis.com\/chapters\/oa-edit\/10.4324\/9780429055140-16-19\/social-enterprises-france-portugal-spain-francesca-petrella-nadine-richez-battesti-marta-sol%C3%B3rzano-garc%C3%ADa-s%C3%ADlvia-ferreira?context=ubx&amp;refId=a9fac637-fe99-470e-87e1-a5506c555f85\">ler aqui<\/a>).<\/p>\n<p>Ferreira, S. (2021) \u201cA Variedade das Empresas Sociais em Portugal: das Trajet\u00f3rias Institucionais \u00e0s Caracter\u00edsticas Organizacionais\u201d, Revista Economia Social, 12 (Abril), CASES \u2013 Cooperativa Ant\u00f3nio S\u00e9rgio para a Economia Social (<a href=\"http:\/\/www.revista-es.info\/ferreira_12.html\">ler aqui<\/a>)<\/p>\n<p>Ferreira, S. (2021) \u201cAs empresas sociais em Portugal: aspetos organizacionais e institucionais<strong>\u201d<\/strong>, Revista Focus Social \u2013 Revista de Economia Social, n. 21 (Junho), Porto: EAPN Portugal\/Rede Europeia Anti-Pobreza.<\/p>\n<p>Pinto, H., Ferreira, S., &amp; Guerreiro, J. A. (2021) &#8220;The emergence of a Social Innovation Ecosystem in Portugal: An exploratory approach based on the perspective of strategic stakeholders&#8221;. <i>European Public &amp; Social Innovation Review<\/i>, <i>6<\/i>(2), 15-34. Retrieved from <a href=\"https:\/\/pub.sinnergiak.org\/esir\/article\/view\/154\">https:\/\/pub.sinnergiak.org\/esir\/article\/view\/154<\/a><\/p>\n<p>Ferreira, S. (2022) &#8220;Empresas Sociais. Que Enquadramento e qual o seu futuro em Portugal?&#8221;, <em>Revista FENACERCI<\/em> 2022. pp.18-20 (<a href=\"https:\/\/www.fenacerci.pt\/2022\/12\/05\/voltamos-revista-fenacerci-2022\/\">ler aqui<\/a>)<\/p>\n<p>Ferreira, S., Fidalgo, P. e Abreu, P (2022) &#8220;Social enterprises in culture and the arts: institutional trajectories of hybridisation in the Portuguese changing cultural mix&#8221;. <em>International Journal of Cultural Policy<\/em>, <a href=\"https:\/\/doi.org\/10.1080\/10286632.2022.2144843\">https:\/\/doi.org\/10.1080\/10286632.2022.2144843<\/a><\/p>\n<h4><\/h4>\n<h4><strong>Eventos<\/strong><\/h4>\n<p><iframe loading=\"lazy\" src=\"https:\/\/www.google.com\/maps\/d\/embed?mid=17wkOH9HO0_JVEHaGVFvlusf_Yl-HtMCI\" width=\"640\" height=\"480\"><\/iframe><\/p>\n<h5><strong>Organiza\u00e7\u00e3o de encontros cient\u00edficos<\/strong><\/h5>\n<p>Co-organiza\u00e7\u00e3o TIMES\/Centro de Estudos Cooperativos e da Economia Social do workshop &#8220;Empresas sociais: conceitos, contextos e investiga\u00e7\u00e3o&#8221;, FEUC, Coimbra, 04 a 04 de Outubro de 2018. (mais <a href=\"https:\/\/times.ces.uc.pt\/?p=357\">informa\u00e7\u00f5es<\/a>)<\/p>\n<p>Organiza\u00e7\u00e3o do Col\u00f3quio Internacional: &#8220;O que s\u00e3o as empresas sociais e como \u00e9 que est\u00e3o a contribuir para resolver problemas sociais e societais? Desenhando uma agenda futura em comum&#8221;, 27, 28, 29 de Abril de 2021, formato digital (mais <a href=\"https:\/\/times.ces.uc.pt\/?p=631\">informa\u00e7\u00f5es<\/a>)<\/p>\n<h5><strong>Participa\u00e7\u00e3o em encontros cient\u00edficos<\/strong><\/h5>\n<p>Silvia Ferreira e Joana Almeida, \u201cEmpresas sociais: uma reflex\u00e3o conceptual e contextual da realidade portuguesa\u201d comunica\u00e7\u00e3o no 2.\u00ba Encontro Anual de Economia Pol\u00edtica, Faculdade de Economia da Universidade de Coimbra, 31\/01 a 2\/02\/2019.<\/p>\n<p>Silvia Ferreira e Joana Almeida, \u201cSocial Enterprises in Portugal: Concepts, contexts and models\u201d, 2<sup>nd<\/sup>\u00a0WG1 Meeting &#8220;Towards an international typology of social enterprise models: Progress, perspectives and common trends\u201d, Budapest, Hungary, 16-17\/01\/2019.<\/p>\n<p>Silvia Ferreira, \u201cSocial enterprise contested boundaries in Portugal\u201d, 7th EMES International Research Conference on Social Enterprise, organizada por EMES, FSI e CRESR, Sheffield Hallam University, 24-27\/07\/2019<\/p>\n<p>Patr\u00edcia Moura e S\u00e1 e Joana Almeida\u201cTrajectories and characteristics of social enterprise models in Portugal\u201d,Patr\u00edcia Moura e S\u00e1 e Joana Almeida, 7th EMES International Research Conference on Social Enterprise, organizada por EMES, FSI e CRESR, Sheffield Hallam University, 24-27\/07\/2019<\/p>\n<p>Hugo Pinto e Luara Maranh\u00e3o, \u201cThe social enterprise ecosystem in Portugal\u201d,\u00a0Hugo Pinto e Luara Maranh\u00e3o, 7th EMES International Research Conference on Social Enterprise, organizada por EMES, FSI e CRESR, Sheffield Hallam University, 24-27\/07\/2019<\/p>\n<p>Silvia Ferreira \u201cFronteiras e sentidos contestados das empresas sociais no contexto das transforma\u00e7\u00f5es do Estado de bem-estar e do Welfare mix em Portugal\u201d, Confer\u00eancia da ESPANET Portugal, FLUP, 13-14 de setembro 2019.<\/p>\n<p>Silvia Ferreira, apresenta\u00e7\u00e3o de um dos estudos de caso do TIMES, \u201co Movimento DansasAparte da CERCIMA\u201d, no 3<sup>rd<\/sup> WG2 Research Workshop on \u201cUnlocking the transformative potential of culture and the arts through SE\u201d, Universidade de Malta, 4-5\/11\/2020.<\/p>\n<p>S\u00edlvia Ferreira, \u201cThe legal recognition of social enterprises in Portugal\u201d, Encontro \u201cTowards an enabling ecosystem for social enterprises\u201d, 12 e 13 de fevereiro de 2020, Universidade de Bucareste, Rom\u00e9nia<\/p>\n<p>S\u00edlvia Ferreira, Michaela Giovannini, Pedro Fidalgo (2021), <em>&#8220;O que s\u00e3o empresas sociais em Portugal? Abordagem multidimensional das organiza\u00e7\u00f5es nas suas\u00a0 trajet\u00f3rias e contextos institucionais&#8221;, XI Congresso Portugu\u00eas de Sociologia, 29-31 de mar\u00e7o de 2021. Organizado por <\/em>ESPP\/ISCTE-IUL e ICS-ULisboa. No \u00e2mbito da sec\u00e7\u00e3o tem\u00e1tica Sociedade Civil, Economias Alternativas e Voluntariado.<\/p>\n<p>Ferreira, S\u00edlvia (2021), \u201cPortuguese social enterprises institutional trajectories in tackling social and societal challenges\u201d, Confer\u00eancia Virtual da International Society for Third Sector Research, 12-15 de Julho. <b><br \/>\n<\/b><\/p>\n<p>S\u00edlvia Ferreira e Hugo Pinto (2021) \u201cO ecossistema das empresas sociais em Portugal: fatores facilitadores e constrangedores do desenvolvimento de diferentes modelos de empresa social\u201d, no \u00e2mbito do grupo de trabalho \u201cEcossistemas de empresas sociais e inova\u00e7\u00e3o social\u201d, do XIV Congresso Luso-Afro-Brasileiro de Ci\u00eancias Sociais, Org. Centro de Estudos Sociais, Online, 15-17 de Setembro.<\/p>\n<p>Ferreira, S\u00edlvia (2021) &#8220;Social enterprises\u2019 social innovation in Portugal: a strategic relational approach to tackling social and societal challenges&#8221;, 8th EMES International Research Conference on Social Enterprise, \u201c<a href=\"https:\/\/emes.net\/events\/conferences\/8th-emes-international-research-conference-on-social-enterprise\/\">Social enterprise, cooperative and voluntary action: Bringing principles and values to renew action<\/a>\u201c, organizada por EMES, COST e Universidade de Sarago\u00e7a, Teruel, 8-4\/10\/2021.<\/p>\n<p>Pedro Fidalgo (2021) &#8220;Arts and Culture social enterprises tackling social and societal challenges in Portugal&#8221;, 8th EMES International Research Conference on Social Enterprise, \u201c<a href=\"https:\/\/emes.net\/events\/conferences\/8th-emes-international-research-conference-on-social-enterprise\/\">Social enterprise, cooperative and voluntary action: Bringing principles and values to renew action<\/a>\u201c, organizada por EMES, COST e Universidade de Sarago\u00e7a, Teruel, 8-4\/10\/2021.<\/p>\n<h5><strong>Participa\u00e7\u00e3o em encontros de institui\u00e7\u00f5es<\/strong><\/h5>\n<p>2018 &#8211; Palestra &#8220;Empresas Sociais e Economia Social Coopera\u00e7\u00e3o vs Competi\u00e7\u00e3o?&#8221;, no Painel I &#8220;Economia Social e Solid\u00e1ria e Desenvolvimento Local&#8221;, na XII MANIFESTA, Penacova, 19-21 de outubro.<\/p>\n<p>2021 &#8211; Participa\u00e7\u00e3o no workshop &#8220;<span class=\"markedContent\"><span dir=\"ltr\">Organiza\u00e7\u00f5es e empresas sociais: <\/span><span dir=\"ltr\">afinal o que somos?<\/span><\/span>&#8220;, realizado no \u00e2mbito das Confer\u00eancias sobre Economia Social, da Capital Europeia da Economia Social &#8211; Cascais. Coorganiza\u00e7\u00e3o CASES, Presid\u00eancia Portuguesa da UE, C\u00e2mara Municipal de Cascais, Rede Social de Cascais e Faculdade de Economia da Universidade de Coimbra (<a href=\"https:\/\/times.ces.uc.pt\/?p=661\">Mais informa\u00e7\u00f5es<\/a>)<\/p>\n<p>2022 &#8211; Comunica\u00e7\u00e3o &#8220;As Empresas Sociais e os seus Ecossistemas em Portugal&#8221;, no \u00e2mbito da Confer\u00eancia Internacional. A Empresa Social, que futuro?, Org. CASES, Coimbra, 26 de Setembro de 2022<b><\/b><\/p>\n<h5><strong>Integra\u00e7\u00e3o em atividades de forma\u00e7\u00e3o superior<\/strong><\/h5>\n<p>Introdu\u00e7\u00e3o do tema das empresas sociais no programa da Unidade curricular <a href=\"https:\/\/mestradoisie.wordpress.com\/apresentacao\/unidades_curriculares\/\">Sociedade, Inova\u00e7\u00e3o e Empreendedorismo<\/a>, do Mestrado em Interven\u00e7\u00e3o Social, Inova\u00e7\u00e3o e Empreendedorismo, da Universidade de Coimbra.<\/p>\n<p>Introdu\u00e7\u00e3o de um m\u00f3dulo sobre &#8220;Empreendedorismo e inova\u00e7\u00e3o na economia social e as empresas sociais&#8221; na <a href=\"https:\/\/www.uc.pt\/feuc\/ceces\/pg\/curriculo\">P\u00f3s-Gradua\u00e7\u00e3o em Economia Social &#8211; Cooperativismo, Mutualismo e Solidariedade<\/a>.<\/p>\n","protected":false},"excerpt":{"rendered":"<p>Publica\u00e7\u00f5es Ferreira, S. (2018) &#8220;Empresas sociais e economia solid\u00e1ria: fronteiras e oportunidades&#8221;, Jornal Vez e Voz, ANIMAR (ler aqui). Ferreira, S., Almeida, J. (2021). \u201cSocial Enterprises in Portugal: Concepts, contexts and models\u201d in Social Enterprise in western Europe, Routledge (ler aqui) Petrella, F., Richez-Battesti, N., Sol\u00f3rzano-Garc\u00eda, M., Ferreira, S. (2021). \u201cSocial enterprises in France, Portugal [&hellip;]<\/p>\n","protected":false},"author":3,"featured_media":0,"parent":0,"menu_order":6,"comment_status":"closed","ping_status":"closed","template":"","meta":{"footnotes":""},"_links":{"self":[{"href":"https:\/\/times.ces.uc.pt\/index.php?rest_route=\/wp\/v2\/pages\/477"}],"collection":[{"href":"https:\/\/times.ces.uc.pt\/index.php?rest_route=\/wp\/v2\/pages"}],"about":[{"href":"https:\/\/times.ces.uc.pt\/index.php?rest_route=\/wp\/v2\/types\/page"}],"author":[{"embeddable":true,"href":"https:\/\/times.ces.uc.pt\/index.php?rest_route=\/wp\/v2\/users\/3"}],"replies":[{"embeddable":true,"href":"https:\/\/times.ces.uc.pt\/index.php?rest_route=%2Fwp%2Fv2%2Fcomments&post=477"}],"version-history":[{"count":17,"href":"https:\/\/times.ces.uc.pt\/index.php?rest_route=\/wp\/v2\/pages\/477\/revisions"}],"predecessor-version":[{"id":939,"href":"https:\/\/times.ces.uc.pt\/index.php?rest_route=\/wp\/v2\/pages\/477\/revisions\/939"}],"wp:attachment":[{"href":"https:\/\/times.ces.uc.pt\/index.php?rest_route=%2Fwp%2Fv2%2Fmedia&parent=477"}],"curies":[{"name":"wp","href":"https:\/\/api.w.org\/{rel}","templated":true}]}}