{"id":294,"date":"2018-08-08T16:45:17","date_gmt":"2018-08-08T16:45:17","guid":{"rendered":"http:\/\/times.ces.uc.pt\/?page_id=294"},"modified":"2021-02-11T17:08:36","modified_gmt":"2021-02-11T17:08:36","slug":"projetos-e-investigacao","status":"publish","type":"page","link":"https:\/\/times.ces.uc.pt\/?page_id=294","title":{"rendered":"Projetos e Investiga\u00e7\u00e3o"},"content":{"rendered":"<p>Nesta sec\u00e7\u00e3o identificamos os estudos nacionais ou internacionais, que abordam as empresas sociais em Portugal, de forma mais ou menos expl\u00edcita. N\u00e3o inclui todos os estudos efetuados sobre o mais vasto campo da economia social e solid\u00e1ria.<\/p>\n<p>&nbsp;<\/p>\n<h4>Social enterprise and their ecosystems in Europe (2019)<\/h4>\n<p>Projeto \u201cSocial enterprises and their ecosystems in Europe\u201d, \u00e9 um projeto de investiga\u00e7\u00e3o comissionado pelo European Union Programme for Employment and Social Innovation \u201cEaSI\u201d (2014-2020) \u00e0 EURICSE e EMES que atualiza um estudo iniciado anteriormente sobre a<span lang=\"pt\">s empresas sociais nos pa\u00edses Europeus, possuindo como resultados um relat\u00f3rio s\u00edntese e relat\u00f3rios nacionais.<br \/>\n<\/span><\/p>\n<p>Os diferentes relat\u00f3rios nacionais podem ser consultados <a href=\"https:\/\/ec.europa.eu\/social\/main.jsp?pager.offset=5&amp;advSearchKey=socnteco&amp;mode=advancedSubmit&amp;catId=22&amp;doc_submit=&amp;policyArea=0&amp;policyAreaSub=0&amp;country=0&amp;year=0\">aqui<\/a>.<\/p>\n<p>O Relat\u00f3rio portugu\u00eas pode ser descarregado <a href=\"https:\/\/ec.europa.eu\/social\/BlobServlet?docId=21136&amp;langId=en\">aqui<\/a> (pdf).<\/p>\n<p>O Relat\u00f3rio S\u00edntese pode ser descarregado <a href=\"https:\/\/ec.europa.eu\/social\/main.jsp?catId=738&amp;langId=en&amp;pubId=8274&amp;furtherPubs=yes\">aqui<\/a>.<\/p>\n<p><strong>\u00a0<\/strong><\/p>\n<h4>SEFORIS &#8211; Social Entrepreneurship as a Force for more Inclusive and Innovative Societies<\/h4>\n<p>O projeto SEFORIS foi um projeto de investiga\u00e7\u00e3o internacional multidisciplinar sobre empresas sociais, financiado pela Comiss\u00e3o Europeia. O SEFORIS pretende compreender melhor o papel que as empresas sociais desempenham na UE e noutros pa\u00edses, no desenvolvimento e na evolu\u00e7\u00e3o no sentido de sociedades mais inclusivas e inovadoras.<\/p>\n<ul>\n<li>Portugal \u2013 Relat\u00f3rio Nacional: <a href=\"https:\/\/static1.squarespace.com\/static\/56d2eebbb654f9329ddbd20e\/t\/57e5a52ebebafba4111f1078\/1474667827836\/Country-Report-PT_PT-FINAL.pdf\">https:\/\/static1.squarespace.com\/static\/56d2eebbb654f9329ddbd20e\/t\/57e5a52ebebafba4111f1078\/1474667827836\/Country-Report-PT_PT-FINAL.pdf<\/a><\/li>\n<li>Para saber mais: <a href=\"http:\/\/www.seforis.eu\/\">http:\/\/www.seforis.eu\/<\/a><\/li>\n<\/ul>\n<p><strong>\u00a0<\/strong><\/p>\n<h4><span class=\"wsw-02\">EPP &#8211; Strengthening emergent professional profiles in the third sector, a way to foster innovative bridges to work and social inclusion of vulnerable groups (2016)<\/span><\/h4>\n<div>O projeto EPP (Fortalecer os perfis profissionais emergentes no terceiro setor\u2013uma via para promover pontes inovadoras para o trabalho e inclus\u00e3o social de grupos desfavorecidos) foi um projeto comparativo europeu no \u00e2mbito do Erasmus + baseado em 10 estudos de caso de empresas sociais de inser\u00e7\u00e3o pelo trabalho (WISE) em Portugal, \u00c1ustria, B\u00e9lgica, It\u00e1lia e Reino Unido<\/div>\n<ul>\n<li>Portugal- Artigo: Quint\u00e3o, Carlota, Ana Lu\u00edsa Martinho, e Mafalda Gomes. 2018. <span class=\"wsw-02\">&#8220;As Empresas Sociais de Inser\u00e7\u00e3o na Promo\u00e7\u00e3o do Emprego e Inclus\u00e3o Social a Partir de Estudos de Caso Europeu&#8221;<\/span>. <em>Gest\u00e3o e Sociedade<\/em> 12 (32): 2374\u201391. <a href=\"https:\/\/doi.org\/10.21171\/ges.v12i32.2438\">https:\/\/doi.org\/10.21171\/ges.v12i32.2438<\/a>.<\/li>\n<li>Para saber mais: <a href=\"https:\/\/a3s.webnode.pt\/recursos\/\">https:\/\/a3s.webnode.pt\/recursos\/<\/a><\/li>\n<\/ul>\n<div><\/div>\n<h4>Empreendedorismo Social em Portugal (2014)<\/h4>\n<p>O projeto \u201cEmpreendedorismo Social em Portugal: as pol\u00edticas, as organiza\u00e7\u00f5es e as pr\u00e1ticas de educa\u00e7\u00e3o\/forma\u00e7\u00e3o\u201d foi um trabalho de investiga\u00e7\u00e3o coordenado por Cristina Parente, docente do Instituto de Sociologia da FLUP (ISFLUP) e pretendeu analisar as estruturas e din\u00e2micas do empreendedorismo social nas organiza\u00e7\u00f5es da economia social em Portugal.<\/p>\n<ul>\n<li>E-book: <a href=\"https:\/\/repositorio-aberto.up.pt\/bitstream\/10216\/73385\/2\/88711.pdf\">https:\/\/repositorio-aberto.up.pt\/bitstream\/10216\/73385\/2\/88711.pdf<\/a>; <a href=\"https:\/\/issuu.com\/dianovaportugal\/docs\/e_book_empreendedorismo_social_em_p\">https:\/\/issuu.com\/dianovaportugal\/docs\/e_book_empreendedorismo_social_em_p<\/a><\/li>\n<li>Para saber mais: <a href=\"http:\/\/up-pt.academia.edu\/EmpreendedorismoSocialemPortugal\">http:\/\/up-pt.academia.edu\/EmpreendedorismoSocialemPortugal<\/a> e <a href=\"https:\/\/a3s.webnode.pt\/recursos\/\">https:\/\/a3s.webnode.pt\/recursos\/<\/a><\/li>\n<\/ul>\n<p>&nbsp;<\/p>\n<h4>A map of social enterprises and their eco-systems in Europe (2013&#8230;)<\/h4>\n<p>A Comiss\u00e3o Europeia lan\u00e7ou em 2013 uma iniciativa que pretendeu mapear a atividade das empresas sociais e seus ecossistemas em 29 pa\u00edses europeus (UE 28 e Su\u00ed\u00e7a) usando uma defini\u00e7\u00e3o operacional de empresa social e uma metodologia de pesquisa comum.<\/p>\n<ul>\n<li>Portugal \u2013 Relat\u00f3rio Nacional (.pdf): <a href=\"http:\/\/ec.europa.eu\/social\/keyDocuments.jsp?advSearchKey=socentcntryrepts&amp;mode=advancedSubmit&amp;langId\">http:\/\/ec.europa.eu\/social\/keyDocuments.jsp?advSearchKey=socentcntryrepts&amp;mode=advancedSubmit&amp;langId<\/a><\/li>\n<li>Para saber mais: <a href=\"http:\/\/ec.europa.eu\/social\/main.jsp?langId=en&amp;catId=89&amp;newsId=2149\">http:\/\/ec.europa.eu\/social\/main.jsp?langId=en&amp;catId=89&amp;newsId=2149<\/a><\/li>\n<\/ul>\n<p>&nbsp;<\/p>\n<h4>Boosting Social Enterprise Development &#8211; Good Practice Compendium<\/h4>\n<p>Em 2015, o Secretariado da OCDE lan\u00e7ou um convite atrav\u00e9s de seu site, a redes nacionais e internacionais, e ao Grupo de Especialistas em Empreendedorismo Social da Comiss\u00e3o Europeia, para reunir pol\u00edticas, programas e iniciativas destinadas a apoiar empresas sociais. Um dos resultados deste desafio foi um Comp\u00eandio \u2013 <em>Good Practice Compendium<\/em>, que apresenta um conjunto rico de iniciativas destinadas a impulsionar o desenvolvimento de empresas sociais.<\/p>\n<ul>\n<li>Para saber mais: <a href=\"https:\/\/read.oecd-ilibrary.org\/industry-and-services\/boosting-social-enterprise-development_9789264268500-en#page1\">https:\/\/read.oecd-ilibrary.org\/industry-and-services\/boosting-social-enterprise-development_9789264268500-en#page1<\/a><\/li>\n<\/ul>\n<h4><\/h4>\n<h4>Study on Practices and Policies in the Social Enterprise Sector in Europe (2007)<\/h4>\n<p>Estudo europeu, coordenado por Eva Heckl, no\u00a0Austrian Institute for SME Research e TSE Entre, Turku School of Economics, financiado pela Comiss\u00e3o Europeia (DG Enterprise &amp; Industry) sobre boas pr\u00e1ticas e pol\u00edticas p\u00fablicas com potencial para promover o desenvolvimento das empresas sociais.<\/p>\n<p>O estudo foi levado a cabo em Portugal pela empresa de consultadoria e investiga\u00e7\u00e3o Tecninvest.<\/p>\n<ul>\n<li>Estudo Nacional (pdf): <a href=\"https:\/\/ec.europa.eu\/docsroom\/documents\/2292\/attachments\/1\/translations\/en\/renditions\/pdf\">https:\/\/ec.europa.eu\/docsroom\/documents\/2292\/attachments\/1\/translations\/en\/renditions\/pdf<\/a><\/li>\n<li>Para saber mais: <a href=\"https:\/\/ec.europa.eu\/growth\/content\/study-practices-and-policies-social-enterprise-sector-europe-0_pt\">https:\/\/ec.europa.eu\/growth\/content\/study-practices-and-policies-social-enterprise-sector-europe-0_pt<\/a><\/li>\n<\/ul>\n<h4><\/h4>\n<h4>Johns Hopkins Comparative Nonprofit Sector Project (CNP)<\/h4>\n<p>O Johns Hopkins Comparative Nonprofit Sector Project (CNP) pretendeu analisar a estrutura, o financiamento e o papel do setor n\u00e3o lucrativo numa perspetiva comparativa internacional. Pretendeu produzir o primeiro corpo sistem\u00e1tico de dados comparativos internacionais sobre organiza\u00e7\u00f5es da sociedade civil, filantropia e voluntariado. Inclui mais de 45 pa\u00edses.<\/p>\n<ul>\n<li>Portugal \u2013 Relat\u00f3rios Nacionais: <a href=\"http:\/\/ccss.jhu.edu\/wp-content\/uploads\/downloads\/2011\/09\/Portugal_CNP_WP43_2005.pdf\">http:\/\/ccss.jhu.edu\/wp-content\/uploads\/downloads\/2011\/09\/Portugal_CNP_WP43_2005.pdf<\/a>; <a href=\"http:\/\/ccss.jhu.edu\/wp-content\/uploads\/downloads\/2011\/11\/Portugal_NationalReport_2005.pdf\">http:\/\/ccss.jhu.edu\/wp-content\/uploads\/downloads\/2011\/11\/Portugal_NationalReport_2005.pdf<\/a><\/li>\n<li>Para saber mais: <a href=\"https:\/\/ccss.jhu.edu\/research-projects\/comparative-nonprofit-sector-project\/\">https:\/\/ccss.jhu.edu\/research-projects\/comparative-nonprofit-sector-project\/<\/a><\/li>\n<\/ul>\n<h4><\/h4>\n<h4>ELEXIES &#8211; L&#8217;entreprise sociale : lutte contre l&#8217;exclusion par l&#8217;insertion \u00e9conomique et sociale&#8221;(2001-2004)<\/h4>\n<p>Projeto coordenado pela ENSIE &#8211;\u00a0 European Network of Social Integration Enterprises (ENSIE),CECOP &#8211; European<br \/>\nConfederation of Workers&#8217; Co-operatives, Social Co-operatives and Participative Enterprises (CECOP) e EMES European Research Network, financiado pela Comiss\u00e3o Europeia (DG Employment and Social Affairs)<\/p>\n<div class=\"csl-bib-body\">\n<ul>\n<li class=\"csl-entry\">Estudo Nacional: Perista, H\u00e9lo\u00edsa, e Susana Nogueira. 2002. \u00abNational Profiles of Work Integration Social Enterprises: Portugal\u00bb. <i>EMES<\/i> WP no. 02\/09: 20.<\/li>\n<li class=\"csl-entry\">Para saber mais: <a href=\"https:\/\/emes.net\/research-projects\/work-integration\/perse\/\">https:\/\/emes.net\/research-projects\/work-integration\/perse\/<\/a><\/li>\n<\/ul>\n<\/div>\n<h4><\/h4>\n<h4>PERSE &#8211; Performance socio-\u00e9conomique des entreprises sociales d\u2019insertion par le travail (2001-2004)<\/h4>\n<p>Estudo pioneiro dedicado \u00e0s empresas sociais e integra\u00e7\u00e3o pelo trabalho (WISE &#8211; work integration social enterprises, coordenado por Marthe Nyssens, (CERISIS, Catholic University of Louvain) e financiado pela Comiss\u00e3o Europeia\u00a0 (DG Research)<\/p>\n<div class=\"csl-bib-body\">\n<ul>\n<li class=\"csl-entry\">Estudo Nacional: Perista, Helo\u00edsa, e Susana Nogueira. 2004. \u00abWork Integration Social Enterprises in Portugal\u00bb. <i>Li\u00e8ge: EMES European Research Network<\/i> Working Paper Series no. 04\/06: 27.<\/li>\n<\/ul>\n<\/div>\n<h4><\/h4>\n<h4>The Emergence of Social Enterprise in Europe (1996-1999)<\/h4>\n<p>Estudo pioneiro sobre as empresas sociais, envolvendo 15 pa\u00edses, coordenado por Jacques Defourny, Centre d\u2019Economie Sociale, University of Liege, numa parceria entre a Rede EMES e a CECOP (European Confederation of Workers\u2019 Co-operatives, Social Co-operatives and Participative Enterprises), financiado pela Comiss\u00e3o Europeia.<\/p>\n<p>O estudo em Portugal foi desenvolvido por Heloisa Perista (CESIS), que caracteriza as CERCI (Cooperativas para a Reabilita\u00e7\u00e3o de Pessoas com Defici\u00eancia) como exemplos de empresa social em Portugal.<\/p>\n<div class=\"csl-bib-body\">\n<div class=\"csl-entry\">\n<div class=\"csl-bib-body\">\n<ul>\n<li>Estudo Nacional: Heloisa Perista. 2001. \u00abCo-operatives for rehabilitation of people with disabilities\u00bb, in Borzaga, Carlo, e Jacques Defourny, <i>The Emergence of Social Enterprise<\/i>. London: Routledge.<\/li>\n<\/ul>\n<\/div>\n<\/div>\n<\/div>\n<ul>\n<li>Para saber mais: <a href=\"https:\/\/emes.net\/research-projects\/social-enterprise\/emes-project-2\/\">https:\/\/emes.net\/research-projects\/social-enterprise\/emes-project-2\/<\/a><\/li>\n<\/ul>\n<p>&nbsp;<\/p>\n","protected":false},"excerpt":{"rendered":"<p>Nesta sec\u00e7\u00e3o identificamos os estudos nacionais ou internacionais, que abordam as empresas sociais em Portugal, de forma mais ou menos expl\u00edcita. N\u00e3o inclui todos os estudos efetuados sobre o mais vasto campo da economia social e solid\u00e1ria. &nbsp; Social enterprise and their ecosystems in Europe (2019) Projeto \u201cSocial enterprises and their ecosystems in Europe\u201d, \u00e9 [&hellip;]<\/p>\n","protected":false},"author":1,"featured_media":0,"parent":76,"menu_order":0,"comment_status":"closed","ping_status":"closed","template":"","meta":{"footnotes":""},"_links":{"self":[{"href":"https:\/\/times.ces.uc.pt\/index.php?rest_route=\/wp\/v2\/pages\/294"}],"collection":[{"href":"https:\/\/times.ces.uc.pt\/index.php?rest_route=\/wp\/v2\/pages"}],"about":[{"href":"https:\/\/times.ces.uc.pt\/index.php?rest_route=\/wp\/v2\/types\/page"}],"author":[{"embeddable":true,"href":"https:\/\/times.ces.uc.pt\/index.php?rest_route=\/wp\/v2\/users\/1"}],"replies":[{"embeddable":true,"href":"https:\/\/times.ces.uc.pt\/index.php?rest_route=%2Fwp%2Fv2%2Fcomments&post=294"}],"version-history":[{"count":22,"href":"https:\/\/times.ces.uc.pt\/index.php?rest_route=\/wp\/v2\/pages\/294\/revisions"}],"predecessor-version":[{"id":630,"href":"https:\/\/times.ces.uc.pt\/index.php?rest_route=\/wp\/v2\/pages\/294\/revisions\/630"}],"up":[{"embeddable":true,"href":"https:\/\/times.ces.uc.pt\/index.php?rest_route=\/wp\/v2\/pages\/76"}],"wp:attachment":[{"href":"https:\/\/times.ces.uc.pt\/index.php?rest_route=%2Fwp%2Fv2%2Fmedia&parent=294"}],"curies":[{"name":"wp","href":"https:\/\/api.w.org\/{rel}","templated":true}]}}