{"id":288,"date":"2018-08-08T16:42:16","date_gmt":"2018-08-08T16:42:16","guid":{"rendered":"http:\/\/times.ces.uc.pt\/?page_id=288"},"modified":"2021-12-29T11:05:31","modified_gmt":"2021-12-29T11:05:31","slug":"estatisticas-e-bases-de-dados","status":"publish","type":"page","link":"https:\/\/times.ces.uc.pt\/?page_id=288","title":{"rendered":"Estat\u00edsticas e bases de dados"},"content":{"rendered":"<h4>Estat\u00edsticas<\/h4>\n<ul>\n<li><strong>Conta Sat\u00e9lite da Economia Social<\/strong><\/li>\n<\/ul>\n<p>A Conta Sat\u00e9lite da Economia Social (CSES) foi elaborada no \u00e2mbito do protocolo de coopera\u00e7\u00e3o assinado em 2011 entre o Instituto Nacional de Estat\u00edstica, I.P. (INE) e a Cooperativa Ant\u00f3nio S\u00e9rgio para a Economia Social, CIPRL (CASES). Decorreu da necessidade de avaliar de forma exaustiva a dimens\u00e3o econ\u00f3mica e outras caracter\u00edsticas quantitativas da Economia Social e Portugal.<\/p>\n<p>Para saber mais consulte:<\/p>\n<p><a href=\"https:\/\/www.cases.pt\/contasatelitedaes\/\">https:\/\/www.cases.pt\/contasatelitedaes\/<\/a><\/p>\n<p><a href=\"https:\/\/www.ine.pt\/xportal\/xmain?xpid=INE&amp;xpgid=ine_publicacoes&amp;PUBLICACOESpub_boui=157543613&amp;PUBLICACOESmodo=2\">https:\/\/www.ine.pt\/xportal\/xmain?xpid=INE&amp;xpgid=ine_publicacoes&amp;PUBLICACOESpub_boui=157543613&amp;PUBLICACOESmodo=2<\/a><\/p>\n<ul>\n<li><strong>Inqu\u00e9rito ao Sector da Economia Social<\/strong><\/li>\n<\/ul>\n<p><span dir=\"ltr\" role=\"presentation\">O INE lan\u00e7ou em junho de 2019 o Inqu\u00e9rito ao Setor da Economia Social (ISES), em colabora\u00e7\u00e3o com a CASES.<br \/>\n<\/span><\/p>\n<p>O question\u00e1rio foi dirigido aos membros da dire\u00e7\u00e3o de topo das entidades, pretendendo caracterizar o setor da ES, e subdividiu-se em<br \/>\ntr\u00eas m\u00f3dulos principais: A &#8211; Caracteriza\u00e7\u00e3o da entidade, B &#8211; Pr\u00e1ticas de gest\u00e3o da entidade e C &#8211;\u00a0 Informa\u00e7\u00e3o sobre o membro da dire\u00e7\u00e3o de topo respons\u00e1vel pela informa\u00e7\u00e3o. Foi realizado entre junho e setembro de 2019, tendo o ano 2018 como per\u00edodo de refer\u00eancia das respostas. O inqu\u00e9rito foi lan\u00e7ado a uma amostra de 6 019 entidades da ES, tendo sido consideradas neste estudo 3 550 respostas v\u00e1lidas (59,0% da amostra).<\/p>\n<p>Para saber mais consulte:<\/p>\n<p><a href=\"https:\/\/www.ine.pt\/xportal\/xmain?xpid=INE&amp;xpgid=ine_publicacoes&amp;PUBLICACOESpub_boui=451607836&amp;PUBLICACOESmodo=2\">https:\/\/www.ine.pt\/xportal\/xmain?xpid=INE&amp;xpgid=ine_publicacoes&amp;PUBLICACOESpub_boui=451607836&amp;PUBLICACOESmodo=2<\/a><\/p>\n<ul>\n<li><strong>Inqu\u00e9rito ao Trabalho Volunt\u00e1rio<\/strong><\/li>\n<\/ul>\n<p>O ITV 2018 constituiu um m\u00f3dulo aut\u00f3nomo do Inqu\u00e9rito ao Emprego referente ao 3.\u00ba trimestre de 2018. Incidiu sobre vari\u00e1veis fundamentais para a carateriza\u00e7\u00e3o do voluntariado, nomeadamente o n\u00famero de volunt\u00e1rios, caracter\u00edsticas sociodemogr\u00e1ficas, enquadramento institucional, tipo de tarefa e n\u00famero de horas de trabalho dedicadas.<\/p>\n<p>Em 2013 o INE divulgou os resultados do Inqu\u00e9rito ao Trabalho Volunt\u00e1rio 2012 (ITV 2012), que constituiu um inqu\u00e9rito piloto.<\/p>\n<p>Para saber mais consulte:<\/p>\n<p><a href=\"https:\/\/www.ine.pt\/xportal\/xmain?xpid=INE&amp;xpgid=ine_destaques&amp;DESTAQUESdest_boui=379956338&amp;DESTAQUESmodo=2\">https:\/\/www.ine.pt\/xportal\/xmain?xpid=INE&amp;xpgid=ine_destaques&amp;DESTAQUESdest_boui=379956338&amp;DESTAQUESmodo=2<\/a><\/p>\n<p><a href=\"https:\/\/cases.pt\/wp-content\/uploads\/2019\/05\/18InqTrabVol2012.pdf\">https:\/\/cases.pt\/wp-content\/uploads\/2019\/05\/18InqTrabVol2012.pdf<\/a><\/p>\n<h4>Bases de Dados<\/h4>\n<ul>\n<li><strong>Mapa de Inova\u00e7\u00e3o e Empreendedorismo Social (<\/strong><strong>MIES)<\/strong><\/li>\n<\/ul>\n<p>O MIES \u2013 Mapa de Inova\u00e7\u00e3o e Empreendedorismo Social, \u00e9 um projeto de investiga\u00e7\u00e3o, que tem como objetivo mapear iniciativas de elevado potencial de empreendedorismo social no Norte, Alentejo e Centro do pa\u00eds.<\/p>\n<p>Para saber mais consulte:<\/p>\n<p><a href=\"http:\/\/www.mies.pt\/index.php\/pt\/\">http:\/\/www.mies.pt\/index.php\/pt\/<\/a><\/p>\n<p>&nbsp;<\/p>\n<h4>Listagens de Organiza\u00e7\u00f5es da Economia Social<\/h4>\n<ul>\n<li><a href=\"http:\/\/www.seg-social.pt\/documents\/10152\/1411855\/Lista%20AM\/053592b8-06be-4067-8546-b56353701b6f\">Associa\u00e7\u00f5es Mutualistas Registadas na Dire\u00e7\u00e3o Geral da Seguran\u00e7a Social, 2013 <\/a><\/li>\n<\/ul>\n<p style=\"text-align: left;\">Info: Concelho, denomina\u00e7\u00e3o, endere\u00e7o, NIPC, ano de constitui\u00e7\u00e3o<\/p>\n<ul>\n<li><a href=\"http:\/\/www.seg-social.pt\/documents\/10152\/864437\/Listagem_casas_do_povo.PDF\/0876eae8-4bfd-4155-9bfb-21e1c3b1e7ef\">Lista de Casas do Povo registadas na DGSS, 2018<\/a><\/li>\n<\/ul>\n<p>Info: Concelho, denomina\u00e7\u00e3o, endere\u00e7o, NIPC, ano de constitui\u00e7\u00e3o<\/p>\n<ul>\n<li><a href=\"http:\/\/www.seg-social.pt\/documents\/10152\/864444\/Listagem_cooperativas.PDF\/f8799f1d-ba7f-4234-bcf9-7be764aaf7b7\">Lista de cooperativas registadas na DGSS, 2018<\/a><\/li>\n<\/ul>\n<p>Info: Concelho, denomina\u00e7\u00e3o, endere\u00e7o, NIPC, ano de constitui\u00e7\u00e3o<\/p>\n<ul>\n<li><a href=\"http:\/\/www.seg-social.pt\/documents\/10152\/13140219\/Listagem_ipss\/8371faa4-dea5-4c03-a47f-3446f1f4c6c3\">Lista de Institui\u00e7\u00f5es Particulares de Solidariedade Social registadas na DGSS, 2918<\/a><\/li>\n<\/ul>\n<p>Info: Concelho, denomina\u00e7\u00e3o, endere\u00e7o, NIPC, ano de constitui\u00e7\u00e3o<\/p>\n<ul>\n<li><a href=\"http:\/\/www2.sg.pcm.gov.pt\/geupf\/FullAccess\/ListaEntidades.aspx?ReqType=1\">Lista de Entidades de Utilidade P\u00fablica Declaradas, Secretaria Geral da Presid\u00eancia do Conselho de Ministros<\/a><\/li>\n<\/ul>\n<p>Info: Denomina\u00e7\u00e3o, data da declara\u00e7\u00e3o, publica\u00e7\u00e3o da declara\u00e7\u00e3o, estado atual<\/p>\n<ul>\n<li><a href=\"http:\/\/www2.sg.pcm.gov.pt\/geupf\/FullAccess\/ListaEntidades.aspx?ReqType=2\">Lista de Funda\u00e7\u00f5es, Secretaria Geral da Presid\u00eancia do Conselho de Ministros<\/a><\/li>\n<\/ul>\n<p>Info: Denomina\u00e7\u00e3o, data da declara\u00e7\u00e3o, publica\u00e7\u00e3o da declara\u00e7\u00e3o, estado atual<\/p>\n<ul>\n<li>\u00a0<a href=\"http:\/\/www.instituto-camoes.pt\/activity\/o-que-fazemos\/cooperacao\/atuacao\/financiamos\/perguntas-frequentes-ongd-2\/ongd-registadas\">ONGD Registadas, Instituto Cam\u00f5es<\/a><\/li>\n<\/ul>\n<p>Info: Nome, morada, contactos<\/p>\n<ul>\n<li><a href=\"https:\/\/www.fenacerci.pt\/fenacerci\/associadas\/sitios-das-carcis\/\">CERCI<\/a><\/li>\n<\/ul>\n<p>Info: Denomina\u00e7\u00e3o, morada, website<\/p>\n<p>&nbsp;<\/p>\n<p><strong>Outras bases de dados<\/strong><\/p>\n<ul>\n<li><a href=\"https:\/\/redeconvergir.net\/\">Rede Convergir (iniciativas sustent\u00e1veis)<\/a><\/li>\n<\/ul>\n<p>Info: Denomina\u00e7\u00e3o, localiza\u00e7\u00e3o, website, contactos, caracteriza\u00e7\u00e3o<\/p>\n<ul>\n<li>Projeto <a href=\"https:\/\/creatour.pt\/pilots\/#pilots\">CREATUR<\/a> (turismo criativo)<\/li>\n<\/ul>\n<p>Info: Denomina\u00e7\u00e3o, localiza\u00e7\u00e3o, website, contactos, caracteriza\u00e7\u00e3o<\/p>\n<p>&nbsp;<\/p>\n","protected":false},"excerpt":{"rendered":"<p>Estat\u00edsticas Conta Sat\u00e9lite da Economia Social A Conta Sat\u00e9lite da Economia Social (CSES) foi elaborada no \u00e2mbito do protocolo de coopera\u00e7\u00e3o assinado em 2011 entre o Instituto Nacional de Estat\u00edstica, I.P. (INE) e a Cooperativa Ant\u00f3nio S\u00e9rgio para a Economia Social, CIPRL (CASES). Decorreu da necessidade de avaliar de forma exaustiva a dimens\u00e3o econ\u00f3mica e [&hellip;]<\/p>\n","protected":false},"author":1,"featured_media":0,"parent":76,"menu_order":0,"comment_status":"closed","ping_status":"closed","template":"","meta":{"footnotes":""},"_links":{"self":[{"href":"https:\/\/times.ces.uc.pt\/index.php?rest_route=\/wp\/v2\/pages\/288"}],"collection":[{"href":"https:\/\/times.ces.uc.pt\/index.php?rest_route=\/wp\/v2\/pages"}],"about":[{"href":"https:\/\/times.ces.uc.pt\/index.php?rest_route=\/wp\/v2\/types\/page"}],"author":[{"embeddable":true,"href":"https:\/\/times.ces.uc.pt\/index.php?rest_route=\/wp\/v2\/users\/1"}],"replies":[{"embeddable":true,"href":"https:\/\/times.ces.uc.pt\/index.php?rest_route=%2Fwp%2Fv2%2Fcomments&post=288"}],"version-history":[{"count":8,"href":"https:\/\/times.ces.uc.pt\/index.php?rest_route=\/wp\/v2\/pages\/288\/revisions"}],"predecessor-version":[{"id":887,"href":"https:\/\/times.ces.uc.pt\/index.php?rest_route=\/wp\/v2\/pages\/288\/revisions\/887"}],"up":[{"embeddable":true,"href":"https:\/\/times.ces.uc.pt\/index.php?rest_route=\/wp\/v2\/pages\/76"}],"wp:attachment":[{"href":"https:\/\/times.ces.uc.pt\/index.php?rest_route=%2Fwp%2Fv2%2Fmedia&parent=288"}],"curies":[{"name":"wp","href":"https:\/\/api.w.org\/{rel}","templated":true}]}}