{"id":280,"date":"2018-08-08T16:39:35","date_gmt":"2018-08-08T16:39:35","guid":{"rendered":"http:\/\/times.ces.uc.pt\/?page_id=280"},"modified":"2021-12-29T14:40:05","modified_gmt":"2021-12-29T14:40:05","slug":"legislacao","status":"publish","type":"page","link":"https:\/\/times.ces.uc.pt\/?page_id=280","title":{"rendered":"Legisla\u00e7\u00e3o"},"content":{"rendered":"<p>Enquadramentos legais e normativos relevantes para o campo das empresas sociais atualmente.<\/p>\n<h4><strong>Economia Social<\/strong><\/h4>\n<p><a href=\"http:\/\/www.parlamento.pt\/Legislacao\/Paginas\/ConstituicaoRepublicaPortuguesa.aspx\">Constitui\u00e7\u00e3o da Rep\u00fablica Portuguesa<\/a><\/p>\n<p>A Constitui\u00e7\u00e3o portuguesa definiu o sector cooperativo e social como um terceiro sector dos meios de produ\u00e7\u00e3o, a par do p\u00fablico e do privado, sendo dever do Estado a protec\u00e7\u00e3o e promo\u00e7\u00e3o deste sector (artigos 82.\u00ba e 85.\u00ba).<\/p>\n<p><a href=\"https:\/\/dre.pt\/application\/file\/a\/260705\">Lei de Bases da Economia Social<\/a><\/p>\n<p>A Lei de Bases da Economia Social delimita o sector como incluindo cooperativas, associa\u00e7\u00f5es mutualistas, miseric\u00f3rdias, funda\u00e7\u00f5es, outras institui\u00e7\u00f5es particulares de solidariedade social (IPSS), associa\u00e7\u00f5es com fins altru\u00edsticos que atuem no \u00e2mbito cultural, recreativo, do desporto e do desenvolvimento local, entidades abrangidas pelos subsectores comunit\u00e1rio e autogestion\u00e1rio. Al\u00e9m disso, contempla a possibilidade de inclus\u00e3o de outras entidades que respeitem os princ\u00edpios orientadores da economia social e constem da base de dados da economia social, a criar.<\/p>\n<p>Al\u00e9m das formas e estatutos jur\u00eddicos, inclui um conjunto de princ\u00edpios com resson\u00e2ncia quer nas delimita\u00e7\u00f5es conceptuais europeias quer nos c\u00f3digos e estatutos que enquadram algumas organiza\u00e7\u00f5es. Estes princ\u00edpios incluem dimens\u00f5es sociais, econ\u00f3micas e pol\u00edticas (art\u00ba 5\u00ba)<\/p>\n<p><a href=\"https:\/\/data.dre.pt\/eli\/dec-lei\/282\/2009\/10\/07\/p\/dre\/pt\/html\">CASES<\/a><\/p>\n<p>A Cooperativa Ant\u00f3nio S\u00e9rgio tem por objecto promover o fortalecimento do sector da economia social, aprofundando a coopera\u00e7\u00e3o entre o Estado e as organiza\u00e7\u00f5es que o integram, tendo em vista estimular o seu potencial ao servi\u00e7o da promo\u00e7\u00e3o do desenvolvimento s\u00f3cio-econ\u00f3mico do Pa\u00eds.<\/p>\n<p>Membros: Associa\u00e7\u00e3o Portuguesa para o Desenvolvimento Local (ANIMAR); Confedera\u00e7\u00e3o Nacional das Institui\u00e7\u00f5es de Solidariedade (CNIS); Uni\u00e3o das Miseric\u00f3rdias Portuguesas (UMP); Confedera\u00e7\u00e3o Cooperativa Portuguesa (CONFECOOP); Confedera\u00e7\u00e3o Nacional das Cooperativas Agr\u00edcolas e do Cr\u00e9dito Agr\u00edcola de Portugal (CONFAGRI); Uni\u00e3o das Mutualidades Portuguesas (UMP)<\/p>\n<ul>\n<li class=\"diarios-diplomas-title\"><a href=\"https:\/\/dre.pt\/web\/guest\/pesquisa\/-\/search\/106824980\/details\/normal?q=cooperativa+ant%C3%B3nio+s%C3%A9rgio\">Decreto-Lei n.\u00ba 39\/2017<\/a>, de 4 de abril, Altera as atribui\u00e7\u00f5es da Cooperativa Ant\u00f3nio S\u00e9rgio para a Economia Social &#8211; Cooperativa de Interesse P\u00fablico de Responsabilidade Limitada<\/li>\n<\/ul>\n<p><a href=\"https:\/\/dre.pt\/web\/guest\/pesquisa\/-\/search\/190646\/details\/maximized?p_p_auth=1lZDoEMe\">CNES<\/a><\/p>\n<p>Criado como \u00f3rg\u00e3o consultivo para quest\u00f5es relacionadas com a promo\u00e7\u00e3o e crescimento para a economia social e envolve os entes federativos membros da CASES e a confedera\u00e7\u00e3o das associa\u00e7\u00f5es culturais, desportivas e de lazer, CPCCRD &#8211; Confedera\u00e7\u00e3o Portuguesa das Coletividades de Cultura Recreio e Desporto; e o \u00f3rg\u00e3o fundador, Centro Portugu\u00eas de Funda\u00e7\u00f5es, bem como alguns especialistas individuais. Supervisionou propostas de revis\u00e3o do c\u00f3digo das cooperativas, do c\u00f3digo das associa\u00e7\u00f5es m\u00fatuas e dos quadros jur\u00eddicos das funda\u00e7\u00f5es privadas e associa\u00e7\u00f5es de base (2014), da base de dados permanente das organiza\u00e7\u00f5es da economia social (2015) e do estatuto fiscal do setor da economia social (2017).<\/p>\n<ul>\n<li class=\"diarios-diplomas-title\"><a href=\"https:\/\/dre.pt\/web\/guest\/pesquisa\/-\/search\/190646\/details\/maximized?p_p_auth=1lZDoEMe\">Resolu\u00e7\u00e3o do Conselho de Ministros n.\u00ba 103\/2012<\/a>, Rev\u00ea a composi\u00e7\u00e3o e o funcionamento do Conselho Nacional para a Economia Social, alterando a <a title=\"Resolu\u00e7\u00e3o do Conselho de Ministros n.\u00ba 55\/2010\" href=\"https:\/\/dre.pt\/util\/getdiplomas.asp?iddip=20101677\">Resolu\u00e7\u00e3o do Conselho de Ministros n.\u00ba 55\/2010<\/a>, de 4 de agosto<\/li>\n<\/ul>\n<h4>Formas legais<\/h4>\n<p><strong>Cooperativas<\/strong><\/p>\n<p><span dir=\"ltr\" role=\"presentation\">As cooperativas s\u00e3o pessoas coletivas aut\u00f3nomas, <\/span><span dir=\"ltr\" role=\"presentation\">de livre constitui\u00e7\u00e3o, de capital e composi\u00e7\u00e3o vari\u00e1veis, <\/span><span dir=\"ltr\" role=\"presentation\">que, atrav\u00e9s da coopera\u00e7\u00e3o e entreajuda dos seus membros, <\/span><span dir=\"ltr\" role=\"presentation\">com obedi\u00eancia aos princ\u00edpios cooperativos, visam, sem<\/span><br role=\"presentation\" \/><span dir=\"ltr\" role=\"presentation\">fins lucrativos, a satisfa\u00e7\u00e3o das necessidades e aspira\u00e7\u00f5es <\/span><span dir=\"ltr\" role=\"presentation\">econ\u00f3micas, sociais ou culturais daqueles.<\/span><\/p>\n<ul>\n<li><a href=\"https:\/\/dre.pt\/web\/guest\/legislacao-consolidada\/-\/lc\/view?cid=107981176\">Lei n.\u00ba 119\/2015<\/a>, de 31 de Agosto, Aprova o C\u00f3digo Cooperativo e revoga a Lei n.\u00ba 51\/96, de 7 de setembro<\/li>\n<\/ul>\n<p>Existem os seguintes ramos cooperativos, com legisla\u00e7\u00e3o espec\u00edfica: Agr\u00edcola, Artesanato, Comercializa\u00e7\u00e3o, Consumidores, Cr\u00e9dito, Cultura, Ensino, Habita\u00e7\u00e3o e constru\u00e7\u00e3o, Pescas, Produ\u00e7\u00e3o oper\u00e1ria, Servi\u00e7os, <a href=\"https:\/\/data.dre.pt\/eli\/dec-lei\/7\/1998\/01\/15\/p\/dre\/pt\/html\">Solidariedade social<\/a><\/p>\n<p><strong>Associa\u00e7\u00f5es Mutualistas<\/strong><\/p>\n<p>As associa\u00e7\u00f5es mutualistas s\u00e3o institui\u00e7\u00f5es particulares de solidariedade social com um n\u00famero ilimitado de associados, capital indeterminando e dura\u00e7\u00e3o indefinida que, essencialmente atrav\u00e9s da quotiza\u00e7\u00e3o dos seus associados, praticam, no interesse destes e de suas fam\u00edlias, fins de auxilio rec\u00edproco.<\/p>\n<p>O registo das AM d\u00e1-se atrav\u00e9s de requerimento ao Diretor-Geral da Seguran\u00e7a Social.<\/p>\n<ul>\n<li class=\"diarios-diplomas-title\"><a href=\"https:\/\/dre.pt\/web\/guest\/pesquisa\/-\/search\/115879178\/details\/maximized\">Decreto-Lei n.\u00ba 59\/2018<\/a>, de 2 de agosto, Aprova o C\u00f3digo das Associa\u00e7\u00f5es Mutualistas<\/li>\n<\/ul>\n<p><strong>Funda\u00e7\u00f5es<\/strong><\/p>\n<p>As funda\u00e7\u00f5es s\u00e3o pessoas colectivas, sem fim lucrativo, com patrim\u00f3nio suficiente e irrevogavelmente afectado para a prossecu\u00e7\u00e3o de um fim de interesse social. Todas as funda\u00e7\u00f5es devem perseguir um objetivo social expl\u00edcito e prim\u00e1rio e n\u00e3o devem distribuir os seus lucros. O processo de constitui\u00e7\u00e3o de uma funda\u00e7\u00e3o privada est\u00e1 sujeito ao escrut\u00ednio p\u00fablico, exercido pelo Primeiro-Ministro ou por quem este delegar.<\/p>\n<ul>\n<li><a href=\"https:\/\/dre.pt\/web\/guest\/legislacao-consolidada\/-\/lc\/70115609\/201810261421\/diploma?did=61239015&amp;_LegislacaoConsolidada_WAR_drefrontofficeportlet_rp=indice&amp;q=funda%C3%A7%C3%B5es\">Lei n.\u00ba 24\/2012<\/a>, de 9 de julho, Lei Quadro das Funda\u00e7\u00f5es<\/li>\n<\/ul>\n<h4>Estatutos<\/h4>\n<p><strong>Estatuto das IPSS<\/strong><\/p>\n<p>O estatuto do IPSS descreve-as como: \u201cpessoas coletivas, sem fins lucrativos, criadas exclusivamente pela iniciativa privada, com o prop\u00f3sito de dar express\u00e3o organizada ao dever moral de justi\u00e7a e solidariedade, contribuindo para a concretiza\u00e7\u00e3o dos direitos sociais dos cidad\u00e3os.<br \/>\nAs IPSSs podem ter as seguintes formas organizacionais: associa\u00e7\u00f5es de solidariedade social, associa\u00e7\u00f5es mutualistas, funda\u00e7\u00f5es de solidariedade social, santas casas de miseric\u00f3rdia. O estatuto tamb\u00e9m inclui os Centros Paroquiais da Igreja Cat\u00f3lica (centros sociais paroquiais) e as Caritas.<\/p>\n<ul>\n<li class=\"diarios-diplomas-title\"><a href=\"https:\/\/dre.pt\/pesquisa\/-\/search\/58900566\/details\/normal?p_p_auth=ANqk7g7y\">Decreto-Lei n.\u00ba 172-A\/2014<\/a>, de novembro de 2014, Procede \u00e0 quinta altera\u00e7\u00e3o ao <a title=\"Decreto-Lei n.\u00ba 119\/83\" href=\"https:\/\/dre.pt\/web\/guest\/pesquisa\/-\/search\/311401\/details\/normal?l=1\" target=\"_blank\" rel=\"nofollow noopener\">Decreto-Lei n.\u00ba 119\/83<\/a>, de 25 de fevereiro, que aprova o Estatuto das Institui\u00e7\u00f5es Particulares de Solidariedade Social<\/li>\n<li class=\"diarios-diplomas-title\"><a href=\"https:\/\/dre.pt\/web\/guest\/pesquisa\/-\/search\/69879421\/details\/normal?q=Lei+n%C2%BA%2076%2F2015%2C%20de+28+de+julho\">Lei n.\u00ba 76\/2015<\/a>, de julho de 2015, Primeira altera\u00e7\u00e3o ao <a title=\"Decreto-Lei n.\u00ba 172-A\/2014\" href=\"https:\/\/dre.pt\/web\/guest\/pesquisa\/-\/search\/58900566\/details\/normal?l=1\" target=\"_blank\" rel=\"nofollow noopener\">Decreto-Lei n.\u00ba 172-A\/2014<\/a>, de 14 de novembro e sexta altera\u00e7\u00e3o ao Estatuto das Institui\u00e7\u00f5es Particulares de Solidariedade Social, por aprecia\u00e7\u00e3o parlamentar<\/li>\n<\/ul>\n<p><strong>Utilidade P\u00fablica<\/strong><\/p>\n<p>Reconhece a orienta\u00e7\u00e3o social das organiza\u00e7\u00f5es, desde que n\u00e3o sejam exclusivamente orientadas para os interesses de seus membros ou fundadores. S\u00e3o definidas como associa\u00e7\u00f5es, funda\u00e7\u00f5es e cooperativas que prosseguem actividades de interesse geral ou de interesse comunit\u00e1rio nacional, regional e local em coopera\u00e7\u00e3o com a administra\u00e7\u00e3o p\u00fablica central e local. O estatuto \u00e9 atribu\u00eddo, a pedido, pela Presid\u00eancia do Conselho de Ministros<\/p>\n<ul>\n<li><a href=\"https:\/\/dre.pt\/application\/file\/a\/165036069\">Lei n.\u00ba 36\/2021<\/a>, de 14 de junho, Lei Quadro do Estatuto de Utilidade P\u00fablica<\/li>\n<\/ul>\n<p><strong>Outros estatutos e enquadramentos<br \/>\n<\/strong><\/p>\n<p><strong>ONGDA<\/strong><\/p>\n<p>S\u00e3o associa\u00e7\u00f5es\u00a0 que n\u00e3o prossigam fins lucrativos, para si ou para os seus associados, e visem, exclusivamente, a defesa e valoriza\u00e7\u00e3o do ambiente ou do patrim\u00f3nio natural e constru\u00eddo, bem como a conserva\u00e7\u00e3o da Natureza. Cabe ao Instituto de Promo\u00e7\u00e3o Ambiental, proceder, no acto do registo, ao reconhecimento da equipara\u00e7\u00e3o.<\/p>\n<ul>\n<li><a href=\"https:\/\/dre.pt\/web\/guest\/legislacao-consolidada\/-\/lc\/74901103\/201810261447\/diploma?did=75032831&amp;_LegislacaoConsolidada_WAR_drefrontofficeportlet_rp=indice&amp;q=organiza%C3%A7%C3%B5es+n%C3%A3o+governamentais\">Lei n.\u00ba 35\/98<\/a>, de 18 de julho, Define o estatuto das organiza\u00e7\u00f5es n\u00e3o governamentais de ambiente (revoga a Lei n.\u00ba 10\/87, de 4 de Abril)<\/li>\n<li>\n<p class=\"diarios-diplomas-title\"><a href=\"https:\/\/dre.pt\/web\/guest\/pesquisa\/-\/search\/492385\/details\/maximized\">Portaria n.\u00ba 771\/2009<\/a>, de 20 de julho, Altera o Regulamento do Registo Nacional das Organiza\u00e7\u00f5es n\u00e3o Governamentais de Ambiente (ONGA) e Equiparadas, aprovado pela <a title=\"Portaria n.\u00ba 478\/99\" href=\"https:\/\/dre.pt\/util\/getdiplomas.asp?iddip=19991992\">Portaria n.\u00ba 478\/99<\/a>, de 29 de Junho, com as altera\u00e7\u00f5es introduzidas pela <a title=\"Portaria n.\u00ba 71\/2003\" href=\"https:\/\/dre.pt\/util\/getdiplomas.asp?iddip=20030152\">Portaria n.\u00ba 71\/2003<\/a>, de 20 de Janeiro<\/p>\n<\/li>\n<\/ul>\n<p><strong>ONGD<\/strong><\/p>\n<p>S\u00e3o objetivos das ONGD a conce\u00e7\u00e3o, a execu\u00e7\u00e3o e o apoio a programas e projetos de cariz social, cultural, ambiental, c\u00edvico e econ\u00f3mico, designadamente atrav\u00e9s de a\u00e7\u00f5es nos pa\u00edses em vias de desenvolvimento<\/p>\n<ul>\n<li class=\"diarios-diplomas-title\"><a href=\"https:\/\/dre.pt\/web\/guest\/pesquisa\/-\/search\/234902\/details\/normal?q=organiza%C3%A7%C3%B5es+n%C3%A3o+governamentais\">Lei n.\u00ba 66\/98<\/a>, de 14 de outubro, Aprova o estatuto das organiza\u00e7\u00f5es n\u00e3o governamentais de coopera\u00e7\u00e3o para o desenvolvimento<\/li>\n<\/ul>\n<p><strong>ONGPCD<\/strong><\/p>\n<p>As ONGPD prosseguem os seguintes objetivos: A defesa e promo\u00e7\u00e3o dos direitos e interesses das pessoas com defici\u00eancia e suas fam\u00edlias, em ordem \u00e0 integra\u00e7\u00e3o social e familiar dos seus membros, \u00e0 respetiva valoriza\u00e7\u00e3o e realiza\u00e7\u00e3o pessoal e profissional; A elimina\u00e7\u00e3o de todas as formas de discrimina\u00e7\u00e3o das pessoas com defici\u00eancia; A promo\u00e7\u00e3o da igualdade de tratamento das pessoas<\/p>\n<ul>\n<li class=\"diarios-diplomas-title\"><a href=\"https:\/\/dre.pt\/web\/guest\/pesquisa\/-\/search\/498708\/details\/maximized\">Decreto-Lei n.\u00ba 106\/2013<\/a>, de 30 de julho, Define o estatuto das organiza\u00e7\u00f5es n\u00e3o governamentais das pessoas com defici\u00eancia, bem como os apoios a conceder pelo Estado a tais organiza\u00e7\u00f5es<\/li>\n<li class=\"diarios-diplomas-title\"><a href=\"https:\/\/dre.pt\/web\/guest\/pesquisa\/-\/search\/606126\/details\/maximized\">Portaria n.\u00ba 7\/2014<\/a>, de 13 de janeiro, Define as regras a que obedece o registo das Organiza\u00e7\u00f5es N\u00e3o Governamentais das Pessoas com Defici\u00eancia<\/li>\n<\/ul>\n<p><strong>Associa\u00e7\u00f5es de imigrantes<\/strong><\/p>\n<p><a href=\"http:\/\/www.pgdlisboa.pt\/leis\/lei_mostra_articulado.php?nid=1851&amp;tabela=leis&amp;so_miolo=\">Lei n.\u00ba 115\/99<\/a>, de 03 de Agosto. Regime jur\u00eddico das associa\u00e7\u00f5es de imigrantes<\/p>\n<h4><strong>Rela\u00e7\u00e3o com o Estado<\/strong><\/h4>\n<p><strong>Coopera\u00e7\u00e3o<\/strong><\/p>\n<ul>\n<li class=\"diarios-diplomas-title\"><a href=\"https:\/\/dre.pt\/web\/guest\/pesquisa\/-\/search\/67641479\/details\/maximized\">Decreto-Lei n.\u00ba 120\/2015<\/a>, de 30 de junho, Estabelece os princ\u00edpios orientadores e o enquadramento a que deve obedecer a coopera\u00e7\u00e3o entre o Estado e as entidades do setor social e solid\u00e1rio<\/li>\n<\/ul>\n<p><strong>C\u00f3digo dos Contratos P\u00fablicos<\/strong><\/p>\n<p>&nbsp;<\/p>\n<ul>\n<li>Decreto-Lei n.\u00ba 18\/2008, de 29 de janeiro, alterado e republicado pelo Decreto-Lei n.\u00ba 111-B\/2017, de 31 de agosto (retificado pelas declara\u00e7\u00f5es de retifica\u00e7\u00e3o n.\u00ba 36-A\/2017, de 30 de outubro e n.\u00ba 42\/2017, de 30 de novembro)<\/li>\n<\/ul>\n<p><strong>Inova\u00e7\u00e3o Social<\/strong><\/p>\n<p>Portugal &#8211; Inova\u00e7\u00e3o Social<\/p>\n<ul>\n<li class=\"diarios-diplomas-title\"><a href=\"https:\/\/dre.pt\/web\/guest\/pesquisa\/-\/search\/65908878\/details\/maximized\">Resolu\u00e7\u00e3o do Conselho de Ministros n.\u00ba 73-A\/2014<\/a>, de 16 de dezembro, Cria a iniciativa Portugal Inova\u00e7\u00e3o Social e a estrutura de miss\u00e3o respons\u00e1vel pela sua execu\u00e7\u00e3o<\/li>\n<li class=\"diarios-diplomas-title\"><a href=\"https:\/\/dre.pt\/web\/guest\/pesquisa\/-\/search\/108323924\/details\/normal?q=portugal+inova%C3%A7%C3%A3o+social\">Resolu\u00e7\u00e3o do Conselho de Ministros n.\u00ba 157\/2017<\/a>, de 19 de outubro, Altera a Estrutura de Miss\u00e3o Portugal Inova\u00e7\u00e3o Social<\/li>\n<\/ul>\n<h4>Europa<\/h4>\n<h3><a name=\"_Toc535857227\"><\/a><span style=\"font-family: 'Times New Roman',serif;\">Social Business Innitiative<\/span><\/h3>\n<ul>\n<li><a href=\"https:\/\/eur-lex.europa.eu\/legal-content\/PT\/TXT\/HTML\/?uri=CELEX:32013R0346&amp;from=PT\">Regulamento (UE) n. \u00b0 346\/2013<\/a> do Parlamento Europeu e do Conselho, de 17 de abril de 2013 , relativo aos fundos europeus de empreendedorismo social Texto relevante para efeitos do EEE<\/li>\n<\/ul>\n<h3><a name=\"_Toc535857228\"><\/a>Parlamento Europeu<\/h3>\n<p>O Parlamento Europeu, produziu uma <a href=\"http:\/\/European Parliament resolution of 5 July 2018 with recommendations to the Commission on a Statute for social and solidarity-based enterprises (2016\/2237(INL)). http:\/\/www.europarl.europa.eu\/sides\/getDoc.do?pubRef=-\/\/EP\/\/TEXT+TA+P8-TA-2018-0317+0+DOC+XML+V0\/\/EN&amp;language=EN\">Resolu\u00e7\u00e3o<\/a> com recomenda\u00e7\u00f5es \u00e0 Comiss\u00e3o sobre um estatuto para as empresas sociais e solid\u00e1rias onde faz refer\u00eancia \u00e0 prote\u00e7\u00e3o do r\u00f3tulo da economia social europeia e a preven\u00e7\u00e3o da cria\u00e7\u00e3o e explora\u00e7\u00e3o de empresas falsas, sociais e solid\u00e1rias<\/p>\n<p><strong>Fundos Estruturais<\/strong><\/p>\n<p><strong>Portugal 2020<\/strong><\/p>\n<p>O Acordo de Parceria que Portugal prop\u00f5e \u00e0 Comiss\u00e3o Europeia, denominado Portugal 2020, adota os princ\u00edpios de programa\u00e7\u00e3o da Estrat\u00e9gia Europa 2020 e consagra a pol\u00edtica de desenvolvimento econ\u00f3mico, social, ambiental e territorial que estimular\u00e1 o crescimento e a cria\u00e7\u00e3o de emprego nos pr\u00f3ximos anos em Portugal. Portugal 2020 define as interven\u00e7\u00f5es, os investimentos e as prioridades de financiamento necess\u00e1rias para promover no nosso pa\u00eds o crescimento inteligente, sustent\u00e1vel e inclusivo e o cumprimento das metas da Europa 2020<\/p>\n<p>O Portugal 2020 est\u00e1 operacionalizado atrav\u00e9s de 7 planos regionais e v\u00e1rios planos operacionais tem\u00e1ticos, como o COMPETE 2020, para a concorr\u00eancia e internacionaliza\u00e7\u00e3o, o POISE, para a inclus\u00e3o social e o emprego, inclui o apoio a subs\u00eddios \u00e0 promo\u00e7\u00e3o do emprego por todas as empresas e o apoio \u00e0 moderniza\u00e7\u00e3o das OES.<br \/>\nO termo empresa social existe essencialmente nas medidas de apoio \u00e0 Estrat\u00e9gia Portugal 2020, apoiadas pelos Fundos Europeus Estruturais e de Investimento.<\/p>\n<p>Decis\u00e3o de Execu\u00e7\u00e3o da Comiss\u00e3o, CCI 2014PT16M8PA001, 30\/07\/2014<\/p>\n<p><a href=\"https:\/\/ec.europa.eu\/info\/publications\/partnership-agreement-portugal-2014-20_pt\">Acordo de Parceria<\/a><\/p>\n<p>POISE<\/p>\n<ul>\n<li class=\"diarios-diplomas-title\"><a href=\"https:\/\/dre.pt\/web\/guest\/pesquisa\/-\/search\/66888645\/details\/maximized\">Portaria n.\u00ba 97-A\/2015<\/a>, de 30 de mar\u00e7o, Adota o regulamento espec\u00edfico do dom\u00ednio da Inclus\u00e3o Social e Emprego.<\/li>\n<\/ul>\n<h4><strong>Compila\u00e7\u00f5es<\/strong><\/h4>\n<p><a href=\"http:\/\/www.seg-social.pt\/documents\/10152\/2ccc8eeb-febb-4f7d-9e45-cd501b165e5c\">AT &#8211; Autoridade Tribut\u00e1ria e Aduaneira, Setor Social e Solid\u00e1rio: Direitos e Deveres Fiscais<\/a>, setembro 2015<\/p>\n<p>Governo de Portugal, <a href=\"http:\/\/www.seg-social.pt\/documents\/10152\/12974935\/Compilacao_legislativa_solidariedade_social\/eb6a25d9-fff7-43f6-8fe5-908567833109\">Solidariedade Social: Um Caminho de Parceria na Constru\u00e7\u00e3o de um Novo Paradigma<\/a>, 2015<\/p>\n","protected":false},"excerpt":{"rendered":"<p>Enquadramentos legais e normativos relevantes para o campo das empresas sociais atualmente. Economia Social Constitui\u00e7\u00e3o da Rep\u00fablica Portuguesa A Constitui\u00e7\u00e3o portuguesa definiu o sector cooperativo e social como um terceiro sector dos meios de produ\u00e7\u00e3o, a par do p\u00fablico e do privado, sendo dever do Estado a protec\u00e7\u00e3o e promo\u00e7\u00e3o deste sector (artigos 82.\u00ba e [&hellip;]<\/p>\n","protected":false},"author":1,"featured_media":0,"parent":76,"menu_order":0,"comment_status":"closed","ping_status":"closed","template":"","meta":{"footnotes":""},"_links":{"self":[{"href":"https:\/\/times.ces.uc.pt\/index.php?rest_route=\/wp\/v2\/pages\/280"}],"collection":[{"href":"https:\/\/times.ces.uc.pt\/index.php?rest_route=\/wp\/v2\/pages"}],"about":[{"href":"https:\/\/times.ces.uc.pt\/index.php?rest_route=\/wp\/v2\/types\/page"}],"author":[{"embeddable":true,"href":"https:\/\/times.ces.uc.pt\/index.php?rest_route=\/wp\/v2\/users\/1"}],"replies":[{"embeddable":true,"href":"https:\/\/times.ces.uc.pt\/index.php?rest_route=%2Fwp%2Fv2%2Fcomments&post=280"}],"version-history":[{"count":11,"href":"https:\/\/times.ces.uc.pt\/index.php?rest_route=\/wp\/v2\/pages\/280\/revisions"}],"predecessor-version":[{"id":901,"href":"https:\/\/times.ces.uc.pt\/index.php?rest_route=\/wp\/v2\/pages\/280\/revisions\/901"}],"up":[{"embeddable":true,"href":"https:\/\/times.ces.uc.pt\/index.php?rest_route=\/wp\/v2\/pages\/76"}],"wp:attachment":[{"href":"https:\/\/times.ces.uc.pt\/index.php?rest_route=%2Fwp%2Fv2%2Fmedia&parent=280"}],"curies":[{"name":"wp","href":"https:\/\/api.w.org\/{rel}","templated":true}]}}